{"id":572,"date":"2026-02-06T12:11:14","date_gmt":"2026-02-06T12:11:14","guid":{"rendered":"https:\/\/portfolio.zenkoders.com\/meat-selling\/?page_id=572"},"modified":"2026-02-23T10:55:01","modified_gmt":"2026-02-23T10:55:01","slug":"faq","status":"publish","type":"page","link":"https:\/\/portfolio.zenkoders.com\/meat-selling\/faq\/","title":{"rendered":"H\u00e4ufige Fragen"},"content":{"rendered":"\t\t<div data-elementor-type=\"wp-page\" data-elementor-id=\"572\" class=\"elementor elementor-572\" data-elementor-post-type=\"page\">\n\t\t\t\t<div class=\"elementor-element elementor-element-fe8f71e e-flex e-con-boxed e-con e-parent\" data-id=\"fe8f71e\" data-element_type=\"container\" data-e-type=\"container\" data-settings=\"{&quot;background_background&quot;:&quot;classic&quot;}\">\n\t\t\t\t\t<div class=\"e-con-inner\">\n\t\t\t\t<div class=\"elementor-element elementor-element-280b2bf elementor-widget elementor-widget-heading\" data-id=\"280b2bf\" data-element_type=\"widget\" data-e-type=\"widget\" data-widget_type=\"heading.default\">\n\t\t\t\t\t<h1 class=\"elementor-heading-title elementor-size-default\">FAQ \u2013 H\u00e4ufige Fragen<\/h1>\t\t\t\t<\/div>\n\t\t\t\t<div class=\"elementor-element elementor-element-9561032 elementor-widget elementor-widget-text-editor\" data-id=\"9561032\" data-element_type=\"widget\" data-e-type=\"widget\" id=\"content-doc\" data-widget_type=\"text-editor.default\">\n\t\t\t\t\t\t\t\t\t<p><strong><b>Warum ist euer Fleisch tiefgek\u00fchlt?<\/b><\/strong><br \/>Weil wir Qualit\u00e4t kontrollieren wollen \u2013 bis zum letzten Schritt.<br \/>Unsere Produkte reifen zuerst <strong><b>bis zum optimalen Reifegrad<\/b><\/strong>. Genau an diesem Punkt werden sie bei <strong><b>\u221240 \u00b0C schockgefrostet (Superfrozen)<\/b><\/strong>.<br \/>So stoppen wir den Reifeprozess exakt dort, wo Geschmack, Textur und Saftigkeit am besten sind.<\/p><p>Das Resultat:<\/p><ul><li>kein Weiterreifen w\u00e4hrend Transport oder Lagerung<\/li><li>keine Qualit\u00e4tsschwankungen<\/li><li><b><\/b><strong><b>gleichbleibende Spitzenqualit\u00e4t bei jeder Bestellung<\/b><\/strong><\/li><\/ul><p>\u00a0<\/p><p><strong><b>Was bedeutet Superfrozen?<\/b><\/strong><br \/>Superfrozen ist ein <strong><b>Schockfrostverfahren bei \u221240 \u00b0C<\/b><\/strong>. Durch das extrem schnelle Einfrieren bleiben Zellstruktur, Aroma und Saftigkeit optimal erhalten \u2013 deutlich besser als bei herk\u00f6mmlicher Tiefk\u00fchlung.<\/p><p>\u00a0<\/p><p><strong><b>Kommt das Fleisch gefroren bei mir an?<\/b><\/strong><br \/>Ja. Alle Produkte werden <strong><b>tiefgek\u00fchlt mit Trockeneis<\/b><\/strong>\u00a0versendet und kommen gefroren bei dir an.<\/p><p>\u00a0<\/p><p><strong><b>Warum variieren die Gewichte leicht?<\/b><\/strong><br \/>Fleisch ist ein Naturprodukt und wird von Hand portioniert. Die Gewichte sind <strong><b>Circa-Angaben<\/b><\/strong>.<\/p><p>Wichtig:<\/p><ul><li>Du zahlst <strong><b>immer nur den Preis aus dem Onlineshop<\/b><\/strong><\/li><li>Es gibt <strong><b>keine Nachbelastungen<\/b><\/strong><\/li><li>Meist erh\u00e4ltst du <strong><b>leicht mehr<\/b><\/strong>als angegeben<\/li><\/ul><p>\u00a0<\/p><p><strong><b>Wann wird meine Bestellung geliefert?<\/b><\/strong><\/p><ul><li>Bestellung bis <strong><b>Dienstag 12:00 Uhr \u2192 Lieferung Mittwoch<\/b><\/strong><\/li><li>Bestellung bis <strong><b>Donnerstag 12:00 Uhr \u2192 Lieferung Freitag<\/b><\/strong><\/li><\/ul><p>\u00a0<\/p><p><strong><b>Gibt es einen Mindestbestellwert?<\/b><\/strong><br \/>Nein. Versandkostenfrei liefern wir <strong><b>ab CHF 350.\u2013<\/b><\/strong>.<\/p><p><br \/><strong><b>Kann ich Lebensmittel zur\u00fcckgeben?<\/b><\/strong><br \/>Nein. F\u00fcr Lebensmittel besteht kein Widerrufsrecht.<br \/>Bei Falschlieferungen oder Transportsch\u00e4den kontaktiere uns bitte umgehend \u2013 wir finden eine L\u00f6sung.<\/p><p>\u00a0<\/p><p><strong><b>Woher stammt euer Fleisch?<\/b><\/strong><br \/>Unser Fleisch stammt aus <strong><b>ausgew\u00e4hlten Schweizer Betrieben<\/b><\/strong>.<br \/>Duroc-Schwein aus <strong><b>eigener Freilandhaltung<\/b><\/strong>, weitere Produkte aus verantwortungsvoller Herkunft und sorgf\u00e4ltiger Auswahl.<\/p><p>\u00a0<\/p><p><strong><b>Beliefert ihr auch Gastronomie?<\/b><\/strong><br \/>Ja. Seit 2019 beliefern wir namhafte Betriebe wie <strong><b>The Dolder Grand, Silex, Josef uvm.<\/b><\/strong><br \/>Mit unserem Onlineshop geben wir diese Qualit\u00e4t nun auch an Privatkunden weiter.<\/p><p>\u00a0<\/p><p><strong><b>Enthalten eure Produkte Allergene?<\/b><\/strong><br \/>Einzelne Produkte k\u00f6nnen Spuren von Allergenen enthalten. Detaillierte Angaben findest du beim jeweiligen Produkt.<\/p>\t\t\t\t\t\t\t\t<\/div>\n\t\t\t\t\t<\/div>\n\t\t\t\t<\/div>\n\t\t\t\t<\/div>\n\t\t","protected":false},"excerpt":{"rendered":"<p>FAQ \u2013 H\u00e4ufige Fragen Warum ist euer Fleisch tiefgek\u00fchlt?Weil wir Qualit\u00e4t kontrollieren wollen \u2013 bis zum letzten Schritt.Unsere Produkte reifen zuerst bis zum optimalen Reifegrad. Genau an diesem Punkt werden sie bei \u221240 \u00b0C schockgefrostet (Superfrozen).So stoppen wir den Reifeprozess exakt dort, wo Geschmack, Textur und Saftigkeit am besten sind. Das Resultat: kein Weiterreifen w\u00e4hrend [&hellip;]<\/p>\n","protected":false},"author":1,"featured_media":0,"parent":0,"menu_order":0,"comment_status":"closed","ping_status":"closed","template":"elementor_header_footer","meta":{"footnotes":""},"class_list":["post-572","page","type-page","status-publish","hentry"],"yoast_head":"<!-- This site is optimized with the Yoast SEO plugin v27.4 - https:\/\/yoast.com\/product\/yoast-seo-wordpress\/ -->\n<title>H\u00e4ufige Fragen - Meat Selling<\/title>\n<meta name=\"robots\" content=\"index, follow, max-snippet:-1, max-image-preview:large, max-video-preview:-1\" \/>\n<link rel=\"canonical\" href=\"https:\/\/portfolio.zenkoders.com\/meat-selling\/faq\/\" \/>\n<meta property=\"og:locale\" content=\"en_US\" \/>\n<meta property=\"og:type\" content=\"article\" \/>\n<meta property=\"og:title\" content=\"H\u00e4ufige Fragen - Meat Selling\" \/>\n<meta property=\"og:description\" content=\"FAQ \u2013 H\u00e4ufige Fragen Warum ist euer Fleisch tiefgek\u00fchlt?Weil wir Qualit\u00e4t kontrollieren wollen \u2013 bis zum letzten Schritt.Unsere Produkte reifen zuerst bis zum optimalen Reifegrad. Genau an diesem Punkt werden sie bei \u221240 \u00b0C schockgefrostet (Superfrozen).So stoppen wir den Reifeprozess exakt dort, wo Geschmack, Textur und Saftigkeit am besten sind. Das Resultat: kein Weiterreifen w\u00e4hrend [&hellip;]\" \/>\n<meta property=\"og:url\" content=\"https:\/\/portfolio.zenkoders.com\/meat-selling\/faq\/\" \/>\n<meta property=\"og:site_name\" content=\"Meat Selling\" \/>\n<meta property=\"article:modified_time\" content=\"2026-02-23T10:55:01+00:00\" \/>\n<meta name=\"twitter:card\" content=\"summary_large_image\" \/>\n<meta name=\"twitter:label1\" content=\"Est. reading time\" \/>\n\t<meta name=\"twitter:data1\" content=\"2 minutes\" \/>\n<script type=\"application\/ld+json\" class=\"yoast-schema-graph\">{\"@context\":\"https:\\\/\\\/schema.org\",\"@graph\":[{\"@type\":\"WebPage\",\"@id\":\"https:\\\/\\\/portfolio.zenkoders.com\\\/meat-selling\\\/faq\\\/\",\"url\":\"https:\\\/\\\/portfolio.zenkoders.com\\\/meat-selling\\\/faq\\\/\",\"name\":\"H\u00e4ufige Fragen - Meat Selling\",\"isPartOf\":{\"@id\":\"https:\\\/\\\/portfolio.zenkoders.com\\\/meat-selling\\\/#website\"},\"datePublished\":\"2026-02-06T12:11:14+00:00\",\"dateModified\":\"2026-02-23T10:55:01+00:00\",\"breadcrumb\":{\"@id\":\"https:\\\/\\\/portfolio.zenkoders.com\\\/meat-selling\\\/faq\\\/#breadcrumb\"},\"inLanguage\":\"en-US\",\"potentialAction\":[{\"@type\":\"ReadAction\",\"target\":[\"https:\\\/\\\/portfolio.zenkoders.com\\\/meat-selling\\\/faq\\\/\"]}]},{\"@type\":\"BreadcrumbList\",\"@id\":\"https:\\\/\\\/portfolio.zenkoders.com\\\/meat-selling\\\/faq\\\/#breadcrumb\",\"itemListElement\":[{\"@type\":\"ListItem\",\"position\":1,\"name\":\"Home\",\"item\":\"https:\\\/\\\/portfolio.zenkoders.com\\\/meat-selling\\\/\"},{\"@type\":\"ListItem\",\"position\":2,\"name\":\"H\u00e4ufige Fragen\"}]},{\"@type\":\"WebSite\",\"@id\":\"https:\\\/\\\/portfolio.zenkoders.com\\\/meat-selling\\\/#website\",\"url\":\"https:\\\/\\\/portfolio.zenkoders.com\\\/meat-selling\\\/\",\"name\":\"Meat Selling\",\"description\":\"\",\"potentialAction\":[{\"@type\":\"SearchAction\",\"target\":{\"@type\":\"EntryPoint\",\"urlTemplate\":\"https:\\\/\\\/portfolio.zenkoders.com\\\/meat-selling\\\/?s={search_term_string}\"},\"query-input\":{\"@type\":\"PropertyValueSpecification\",\"valueRequired\":true,\"valueName\":\"search_term_string\"}}],\"inLanguage\":\"en-US\"}]}<\/script>\n<!-- \/ Yoast SEO plugin. -->","yoast_head_json":{"title":"H\u00e4ufige Fragen - Meat Selling","robots":{"index":"index","follow":"follow","max-snippet":"max-snippet:-1","max-image-preview":"max-image-preview:large","max-video-preview":"max-video-preview:-1"},"canonical":"https:\/\/portfolio.zenkoders.com\/meat-selling\/faq\/","og_locale":"en_US","og_type":"article","og_title":"H\u00e4ufige Fragen - Meat Selling","og_description":"FAQ \u2013 H\u00e4ufige Fragen Warum ist euer Fleisch tiefgek\u00fchlt?Weil wir Qualit\u00e4t kontrollieren wollen \u2013 bis zum letzten Schritt.Unsere Produkte reifen zuerst bis zum optimalen Reifegrad. Genau an diesem Punkt werden sie bei \u221240 \u00b0C schockgefrostet (Superfrozen).So stoppen wir den Reifeprozess exakt dort, wo Geschmack, Textur und Saftigkeit am besten sind. Das Resultat: kein Weiterreifen w\u00e4hrend [&hellip;]","og_url":"https:\/\/portfolio.zenkoders.com\/meat-selling\/faq\/","og_site_name":"Meat Selling","article_modified_time":"2026-02-23T10:55:01+00:00","twitter_card":"summary_large_image","twitter_misc":{"Est. reading time":"2 minutes"},"schema":{"@context":"https:\/\/schema.org","@graph":[{"@type":"WebPage","@id":"https:\/\/portfolio.zenkoders.com\/meat-selling\/faq\/","url":"https:\/\/portfolio.zenkoders.com\/meat-selling\/faq\/","name":"H\u00e4ufige Fragen - Meat Selling","isPartOf":{"@id":"https:\/\/portfolio.zenkoders.com\/meat-selling\/#website"},"datePublished":"2026-02-06T12:11:14+00:00","dateModified":"2026-02-23T10:55:01+00:00","breadcrumb":{"@id":"https:\/\/portfolio.zenkoders.com\/meat-selling\/faq\/#breadcrumb"},"inLanguage":"en-US","potentialAction":[{"@type":"ReadAction","target":["https:\/\/portfolio.zenkoders.com\/meat-selling\/faq\/"]}]},{"@type":"BreadcrumbList","@id":"https:\/\/portfolio.zenkoders.com\/meat-selling\/faq\/#breadcrumb","itemListElement":[{"@type":"ListItem","position":1,"name":"Home","item":"https:\/\/portfolio.zenkoders.com\/meat-selling\/"},{"@type":"ListItem","position":2,"name":"H\u00e4ufige Fragen"}]},{"@type":"WebSite","@id":"https:\/\/portfolio.zenkoders.com\/meat-selling\/#website","url":"https:\/\/portfolio.zenkoders.com\/meat-selling\/","name":"Meat Selling","description":"","potentialAction":[{"@type":"SearchAction","target":{"@type":"EntryPoint","urlTemplate":"https:\/\/portfolio.zenkoders.com\/meat-selling\/?s={search_term_string}"},"query-input":{"@type":"PropertyValueSpecification","valueRequired":true,"valueName":"search_term_string"}}],"inLanguage":"en-US"}]}},"_links":{"self":[{"href":"https:\/\/portfolio.zenkoders.com\/meat-selling\/wp-json\/wp\/v2\/pages\/572","targetHints":{"allow":["GET"]}}],"collection":[{"href":"https:\/\/portfolio.zenkoders.com\/meat-selling\/wp-json\/wp\/v2\/pages"}],"about":[{"href":"https:\/\/portfolio.zenkoders.com\/meat-selling\/wp-json\/wp\/v2\/types\/page"}],"author":[{"embeddable":true,"href":"https:\/\/portfolio.zenkoders.com\/meat-selling\/wp-json\/wp\/v2\/users\/1"}],"replies":[{"embeddable":true,"href":"https:\/\/portfolio.zenkoders.com\/meat-selling\/wp-json\/wp\/v2\/comments?post=572"}],"version-history":[{"count":14,"href":"https:\/\/portfolio.zenkoders.com\/meat-selling\/wp-json\/wp\/v2\/pages\/572\/revisions"}],"predecessor-version":[{"id":865,"href":"https:\/\/portfolio.zenkoders.com\/meat-selling\/wp-json\/wp\/v2\/pages\/572\/revisions\/865"}],"wp:attachment":[{"href":"https:\/\/portfolio.zenkoders.com\/meat-selling\/wp-json\/wp\/v2\/media?parent=572"}],"curies":[{"name":"wp","href":"https:\/\/api.w.org\/{rel}","templated":true}]}}