{"id":578,"date":"2026-02-06T12:14:15","date_gmt":"2026-02-06T12:14:15","guid":{"rendered":"https:\/\/portfolio.zenkoders.com\/meat-selling\/?page_id=578"},"modified":"2026-02-23T10:52:43","modified_gmt":"2026-02-23T10:52:43","slug":"impressum","status":"publish","type":"page","link":"https:\/\/portfolio.zenkoders.com\/meat-selling\/impressum\/","title":{"rendered":"Impressum"},"content":{"rendered":"\t\t<div data-elementor-type=\"wp-page\" data-elementor-id=\"578\" class=\"elementor elementor-578\" data-elementor-post-type=\"page\">\n\t\t\t\t<div class=\"elementor-element elementor-element-e0b3a33 e-flex e-con-boxed e-con e-parent\" data-id=\"e0b3a33\" data-element_type=\"container\" data-e-type=\"container\" data-settings=\"{&quot;background_background&quot;:&quot;classic&quot;}\">\n\t\t\t\t\t<div class=\"e-con-inner\">\n\t\t\t\t<div class=\"elementor-element elementor-element-3280e2b elementor-widget elementor-widget-heading\" data-id=\"3280e2b\" data-element_type=\"widget\" data-e-type=\"widget\" data-widget_type=\"heading.default\">\n\t\t\t\t\t<h1 class=\"elementor-heading-title elementor-size-default\">Impressum<\/h1>\t\t\t\t<\/div>\n\t\t\t\t<div class=\"elementor-element elementor-element-038145e content-text elementor-widget elementor-widget-text-editor\" data-id=\"038145e\" data-element_type=\"widget\" data-e-type=\"widget\" data-widget_type=\"text-editor.default\">\n\t\t\t\t\t\t\t\t\t<p><strong>Blue Venture GmbH<\/strong><br \/>St. Gallerstrasse 163<br \/>8645 Jona<br \/>Schweiz<\/p><p>Telefon:<br \/>E-Mail: info@dasfleisch.ch<br \/>Website: www.dasfleisch.ch<\/p><p>\u00a0<\/p><p><strong><b>Vertretungsberechtigte Personen<\/b><\/strong><\/p><p>Gesch\u00e4ftsf\u00fchrung:<br \/>Nicola Eicke<br \/>Valentin Kuratli<\/p><p>\u00a0<\/p><p><strong><b>Handelsregister<\/b><\/strong><\/p><p>Eingetragen im Handelsregister des Kantons Z\u00fcrich<br \/>Firmennummer \/ UID: CH-320.4.103.652-6<\/p><p>\u00a0<\/p><p><strong><b>Mehrwertsteuer<\/b><\/strong><\/p><p>Mehrwertsteuer-Nummer: CHE-141.181.508<\/p><p>\u00a0<\/p><p><strong><b>Haftungsausschluss<\/b><\/strong><\/p><p>Die Inhalte dieser Website werden mit gr\u00f6sster Sorgfalt erstellt. F\u00fcr die Richtigkeit, Vollst\u00e4ndigkeit und Aktualit\u00e4t der Inhalte \u00fcbernehmen wir jedoch keine Gew\u00e4hr.<\/p><p>Als Diensteanbieter sind wir f\u00fcr eigene Inhalte auf diesen Seiten nach den allgemeinen Gesetzen verantwortlich. Wir \u00fcbernehmen jedoch keine Haftung f\u00fcr externe Links auf fremde Inhalte, auf deren Gestaltung wir keinen Einfluss haben. F\u00fcr die Inhalte der verlinkten Seiten ist stets der jeweilige Anbieter oder Betreiber der Seiten verantwortlich.<\/p><p>\u00a0<\/p><p><strong><b>Urheberrechte<\/b><\/strong><\/p><p>Die auf dieser Website ver\u00f6ffentlichten Inhalte, Texte, Bilder und Grafiken unterliegen dem schweizerischen Urheberrecht. Jede Art der Verwertung ausserhalb der Grenzen des Urheberrechts bedarf der vorherigen schriftlichen Zustimmung der Blue Venture GmbH.<\/p><p><strong><b>Stand:<\/b><\/strong>\u00a04.2.2026<\/p>\t\t\t\t\t\t\t\t<\/div>\n\t\t\t\t\t<\/div>\n\t\t\t\t<\/div>\n\t\t\t\t<\/div>\n\t\t","protected":false},"excerpt":{"rendered":"<p>Impressum Blue Venture GmbHSt. Gallerstrasse 1638645 JonaSchweiz Telefon:E-Mail: info@dasfleisch.chWebsite: www.dasfleisch.ch \u00a0 Vertretungsberechtigte Personen Gesch\u00e4ftsf\u00fchrung:Nicola EickeValentin Kuratli \u00a0 Handelsregister Eingetragen im Handelsregister des Kantons Z\u00fcrichFirmennummer \/ UID: CH-320.4.103.652-6 \u00a0 Mehrwertsteuer Mehrwertsteuer-Nummer: CHE-141.181.508 \u00a0 Haftungsausschluss Die Inhalte dieser Website werden mit gr\u00f6sster Sorgfalt erstellt. F\u00fcr die Richtigkeit, Vollst\u00e4ndigkeit und Aktualit\u00e4t der Inhalte \u00fcbernehmen wir jedoch keine Gew\u00e4hr. [&hellip;]<\/p>\n","protected":false},"author":1,"featured_media":0,"parent":0,"menu_order":0,"comment_status":"closed","ping_status":"closed","template":"elementor_header_footer","meta":{"footnotes":""},"class_list":["post-578","page","type-page","status-publish","hentry"],"yoast_head":"<!-- This site is optimized with the Yoast SEO plugin v27.4 - https:\/\/yoast.com\/product\/yoast-seo-wordpress\/ -->\n<title>Impressum - Meat Selling<\/title>\n<meta name=\"robots\" content=\"index, follow, max-snippet:-1, max-image-preview:large, max-video-preview:-1\" \/>\n<link rel=\"canonical\" href=\"https:\/\/portfolio.zenkoders.com\/meat-selling\/impressum\/\" \/>\n<meta property=\"og:locale\" content=\"en_US\" \/>\n<meta property=\"og:type\" content=\"article\" \/>\n<meta property=\"og:title\" content=\"Impressum - Meat Selling\" \/>\n<meta property=\"og:description\" content=\"Impressum Blue Venture GmbHSt. Gallerstrasse 1638645 JonaSchweiz Telefon:E-Mail: info@dasfleisch.chWebsite: www.dasfleisch.ch \u00a0 Vertretungsberechtigte Personen Gesch\u00e4ftsf\u00fchrung:Nicola EickeValentin Kuratli \u00a0 Handelsregister Eingetragen im Handelsregister des Kantons Z\u00fcrichFirmennummer \/ UID: CH-320.4.103.652-6 \u00a0 Mehrwertsteuer Mehrwertsteuer-Nummer: CHE-141.181.508 \u00a0 Haftungsausschluss Die Inhalte dieser Website werden mit gr\u00f6sster Sorgfalt erstellt. F\u00fcr die Richtigkeit, Vollst\u00e4ndigkeit und Aktualit\u00e4t der Inhalte \u00fcbernehmen wir jedoch keine Gew\u00e4hr. [&hellip;]\" \/>\n<meta property=\"og:url\" content=\"https:\/\/portfolio.zenkoders.com\/meat-selling\/impressum\/\" \/>\n<meta property=\"og:site_name\" content=\"Meat Selling\" \/>\n<meta property=\"article:modified_time\" content=\"2026-02-23T10:52:43+00:00\" \/>\n<meta name=\"twitter:card\" content=\"summary_large_image\" \/>\n<meta name=\"twitter:label1\" content=\"Est. reading time\" \/>\n\t<meta name=\"twitter:data1\" content=\"1 minute\" \/>\n<script type=\"application\/ld+json\" class=\"yoast-schema-graph\">{\"@context\":\"https:\\\/\\\/schema.org\",\"@graph\":[{\"@type\":\"WebPage\",\"@id\":\"https:\\\/\\\/portfolio.zenkoders.com\\\/meat-selling\\\/impressum\\\/\",\"url\":\"https:\\\/\\\/portfolio.zenkoders.com\\\/meat-selling\\\/impressum\\\/\",\"name\":\"Impressum - Meat Selling\",\"isPartOf\":{\"@id\":\"https:\\\/\\\/portfolio.zenkoders.com\\\/meat-selling\\\/#website\"},\"datePublished\":\"2026-02-06T12:14:15+00:00\",\"dateModified\":\"2026-02-23T10:52:43+00:00\",\"breadcrumb\":{\"@id\":\"https:\\\/\\\/portfolio.zenkoders.com\\\/meat-selling\\\/impressum\\\/#breadcrumb\"},\"inLanguage\":\"en-US\",\"potentialAction\":[{\"@type\":\"ReadAction\",\"target\":[\"https:\\\/\\\/portfolio.zenkoders.com\\\/meat-selling\\\/impressum\\\/\"]}]},{\"@type\":\"BreadcrumbList\",\"@id\":\"https:\\\/\\\/portfolio.zenkoders.com\\\/meat-selling\\\/impressum\\\/#breadcrumb\",\"itemListElement\":[{\"@type\":\"ListItem\",\"position\":1,\"name\":\"Home\",\"item\":\"https:\\\/\\\/portfolio.zenkoders.com\\\/meat-selling\\\/\"},{\"@type\":\"ListItem\",\"position\":2,\"name\":\"Impressum\"}]},{\"@type\":\"WebSite\",\"@id\":\"https:\\\/\\\/portfolio.zenkoders.com\\\/meat-selling\\\/#website\",\"url\":\"https:\\\/\\\/portfolio.zenkoders.com\\\/meat-selling\\\/\",\"name\":\"Meat Selling\",\"description\":\"\",\"potentialAction\":[{\"@type\":\"SearchAction\",\"target\":{\"@type\":\"EntryPoint\",\"urlTemplate\":\"https:\\\/\\\/portfolio.zenkoders.com\\\/meat-selling\\\/?s={search_term_string}\"},\"query-input\":{\"@type\":\"PropertyValueSpecification\",\"valueRequired\":true,\"valueName\":\"search_term_string\"}}],\"inLanguage\":\"en-US\"}]}<\/script>\n<!-- \/ Yoast SEO plugin. -->","yoast_head_json":{"title":"Impressum - Meat Selling","robots":{"index":"index","follow":"follow","max-snippet":"max-snippet:-1","max-image-preview":"max-image-preview:large","max-video-preview":"max-video-preview:-1"},"canonical":"https:\/\/portfolio.zenkoders.com\/meat-selling\/impressum\/","og_locale":"en_US","og_type":"article","og_title":"Impressum - Meat Selling","og_description":"Impressum Blue Venture GmbHSt. Gallerstrasse 1638645 JonaSchweiz Telefon:E-Mail: info@dasfleisch.chWebsite: www.dasfleisch.ch \u00a0 Vertretungsberechtigte Personen Gesch\u00e4ftsf\u00fchrung:Nicola EickeValentin Kuratli \u00a0 Handelsregister Eingetragen im Handelsregister des Kantons Z\u00fcrichFirmennummer \/ UID: CH-320.4.103.652-6 \u00a0 Mehrwertsteuer Mehrwertsteuer-Nummer: CHE-141.181.508 \u00a0 Haftungsausschluss Die Inhalte dieser Website werden mit gr\u00f6sster Sorgfalt erstellt. F\u00fcr die Richtigkeit, Vollst\u00e4ndigkeit und Aktualit\u00e4t der Inhalte \u00fcbernehmen wir jedoch keine Gew\u00e4hr. [&hellip;]","og_url":"https:\/\/portfolio.zenkoders.com\/meat-selling\/impressum\/","og_site_name":"Meat Selling","article_modified_time":"2026-02-23T10:52:43+00:00","twitter_card":"summary_large_image","twitter_misc":{"Est. reading time":"1 minute"},"schema":{"@context":"https:\/\/schema.org","@graph":[{"@type":"WebPage","@id":"https:\/\/portfolio.zenkoders.com\/meat-selling\/impressum\/","url":"https:\/\/portfolio.zenkoders.com\/meat-selling\/impressum\/","name":"Impressum - Meat Selling","isPartOf":{"@id":"https:\/\/portfolio.zenkoders.com\/meat-selling\/#website"},"datePublished":"2026-02-06T12:14:15+00:00","dateModified":"2026-02-23T10:52:43+00:00","breadcrumb":{"@id":"https:\/\/portfolio.zenkoders.com\/meat-selling\/impressum\/#breadcrumb"},"inLanguage":"en-US","potentialAction":[{"@type":"ReadAction","target":["https:\/\/portfolio.zenkoders.com\/meat-selling\/impressum\/"]}]},{"@type":"BreadcrumbList","@id":"https:\/\/portfolio.zenkoders.com\/meat-selling\/impressum\/#breadcrumb","itemListElement":[{"@type":"ListItem","position":1,"name":"Home","item":"https:\/\/portfolio.zenkoders.com\/meat-selling\/"},{"@type":"ListItem","position":2,"name":"Impressum"}]},{"@type":"WebSite","@id":"https:\/\/portfolio.zenkoders.com\/meat-selling\/#website","url":"https:\/\/portfolio.zenkoders.com\/meat-selling\/","name":"Meat Selling","description":"","potentialAction":[{"@type":"SearchAction","target":{"@type":"EntryPoint","urlTemplate":"https:\/\/portfolio.zenkoders.com\/meat-selling\/?s={search_term_string}"},"query-input":{"@type":"PropertyValueSpecification","valueRequired":true,"valueName":"search_term_string"}}],"inLanguage":"en-US"}]}},"_links":{"self":[{"href":"https:\/\/portfolio.zenkoders.com\/meat-selling\/wp-json\/wp\/v2\/pages\/578","targetHints":{"allow":["GET"]}}],"collection":[{"href":"https:\/\/portfolio.zenkoders.com\/meat-selling\/wp-json\/wp\/v2\/pages"}],"about":[{"href":"https:\/\/portfolio.zenkoders.com\/meat-selling\/wp-json\/wp\/v2\/types\/page"}],"author":[{"embeddable":true,"href":"https:\/\/portfolio.zenkoders.com\/meat-selling\/wp-json\/wp\/v2\/users\/1"}],"replies":[{"embeddable":true,"href":"https:\/\/portfolio.zenkoders.com\/meat-selling\/wp-json\/wp\/v2\/comments?post=578"}],"version-history":[{"count":13,"href":"https:\/\/portfolio.zenkoders.com\/meat-selling\/wp-json\/wp\/v2\/pages\/578\/revisions"}],"predecessor-version":[{"id":856,"href":"https:\/\/portfolio.zenkoders.com\/meat-selling\/wp-json\/wp\/v2\/pages\/578\/revisions\/856"}],"wp:attachment":[{"href":"https:\/\/portfolio.zenkoders.com\/meat-selling\/wp-json\/wp\/v2\/media?parent=578"}],"curies":[{"name":"wp","href":"https:\/\/api.w.org\/{rel}","templated":true}]}}