{"id":1007,"date":"2026-02-27T08:14:32","date_gmt":"2026-02-27T08:14:32","guid":{"rendered":"https:\/\/portfolio.zenkoders.com\/meat-selling\/?post_type=product&#038;p=1007"},"modified":"2026-03-02T09:33:56","modified_gmt":"2026-03-02T09:33:56","slug":"rindshackfleisch-black-angus","status":"publish","type":"product","link":"https:\/\/portfolio.zenkoders.com\/meat-selling\/shop\/black-angus\/rindshackfleisch-black-angus\/","title":{"rendered":"Rindshackfleisch \u2013 Black Angus"},"content":{"rendered":"<p>Unser Rindshackfleisch vom Black Angus wird aus ausgew\u00e4hlten St\u00fccken hergestellt und grob gewolft, um Struktur und Geschmack zu bewahren. Es \u00fcberzeugt durch eine nat\u00fcrliche Saftigkeit und ein klares Rindfleischaroma \u2013 ideal f\u00fcr Burger, Hackgerichte oder feine Saucen.<\/p>\n<p><strong><b>Zubereitung<\/b><\/strong><br \/>\nKurz anbraten oder sanft garen. Vielseitig einsetzbar.<\/p>\n<p><strong><b>Herkunft &amp; Besonderheiten<\/b><\/strong><br \/>\nSchweizer Black Angus Rind, frisch verarbeitet.<\/p>\n<p><strong><b>Portionshinweis<\/b><\/strong><br \/>\n500 g reichen f\u00fcr ca. 2\u20133 Portionen.<\/p>\n","protected":false},"excerpt":{"rendered":"<p>Vollmundig, saftig und vielseitig \u2013 Hackfleisch mit Charakter.<\/p>\n","protected":false},"featured_media":1017,"comment_status":"open","ping_status":"closed","template":"","meta":[],"product_brand":[],"product_cat":[24],"product_tag":[54,56],"class_list":{"0":"post-1007","1":"product","2":"type-product","3":"status-publish","4":"has-post-thumbnail","6":"product_cat-black-angus","7":"product_tag-schweiz","8":"product_tag-weidehaltung","10":"first","11":"instock","12":"shipping-taxable","13":"purchasable","14":"product-type-variable"},"yoast_head":"<!-- This site is optimized with the Yoast SEO plugin v27.4 - https:\/\/yoast.com\/product\/yoast-seo-wordpress\/ -->\n<title>Black Angus Hackfleisch Schweiz kaufen | Weiderind<\/title>\n<meta name=\"description\" content=\"Black Angus Rindshackfleisch aus Schweizer Weidehaltung kaufen. Frisch verarbeitet, saftig und aromatisch \u2013 perfekt f\u00fcr Burger, Bolognese und mehr.\" \/>\n<meta name=\"robots\" content=\"index, follow, max-snippet:-1, max-image-preview:large, max-video-preview:-1\" \/>\n<link rel=\"canonical\" href=\"https:\/\/portfolio.zenkoders.com\/meat-selling\/shop\/black-angus\/rindshackfleisch-black-angus\/\" \/>\n<meta property=\"og:locale\" content=\"en_US\" \/>\n<meta property=\"og:type\" content=\"article\" \/>\n<meta property=\"og:title\" content=\"Black Angus Hackfleisch Schweiz kaufen | Weiderind\" \/>\n<meta property=\"og:description\" content=\"Black Angus Rindshackfleisch aus Schweizer Weidehaltung kaufen. Frisch verarbeitet, saftig und aromatisch \u2013 perfekt f\u00fcr Burger, Bolognese und mehr.\" \/>\n<meta property=\"og:url\" content=\"https:\/\/portfolio.zenkoders.com\/meat-selling\/shop\/black-angus\/rindshackfleisch-black-angus\/\" \/>\n<meta property=\"og:site_name\" content=\"Meat Selling\" \/>\n<meta property=\"article:modified_time\" content=\"2026-03-02T09:33:56+00:00\" \/>\n<meta property=\"og:image\" content=\"https:\/\/portfolio.zenkoders.com\/meat-selling\/wp-content\/uploads\/2026\/02\/115-scaled.webp\" \/>\n\t<meta property=\"og:image:width\" content=\"2560\" \/>\n\t<meta property=\"og:image:height\" content=\"1707\" \/>\n\t<meta property=\"og:image:type\" content=\"image\/webp\" \/>\n<meta name=\"twitter:card\" content=\"summary_large_image\" \/>\n<meta name=\"twitter:label1\" content=\"Est. reading time\" \/>\n\t<meta name=\"twitter:data1\" content=\"1 minute\" \/>\n<script type=\"application\/ld+json\" class=\"yoast-schema-graph\">{\"@context\":\"https:\\\/\\\/schema.org\",\"@graph\":[{\"@type\":\"WebPage\",\"@id\":\"https:\\\/\\\/portfolio.zenkoders.com\\\/meat-selling\\\/shop\\\/black-angus\\\/rindshackfleisch-black-angus\\\/\",\"url\":\"https:\\\/\\\/portfolio.zenkoders.com\\\/meat-selling\\\/shop\\\/black-angus\\\/rindshackfleisch-black-angus\\\/\",\"name\":\"Black Angus Hackfleisch Schweiz kaufen | Weiderind\",\"isPartOf\":{\"@id\":\"https:\\\/\\\/portfolio.zenkoders.com\\\/meat-selling\\\/#website\"},\"primaryImageOfPage\":{\"@id\":\"https:\\\/\\\/portfolio.zenkoders.com\\\/meat-selling\\\/shop\\\/black-angus\\\/rindshackfleisch-black-angus\\\/#primaryimage\"},\"image\":{\"@id\":\"https:\\\/\\\/portfolio.zenkoders.com\\\/meat-selling\\\/shop\\\/black-angus\\\/rindshackfleisch-black-angus\\\/#primaryimage\"},\"thumbnailUrl\":\"https:\\\/\\\/portfolio.zenkoders.com\\\/meat-selling\\\/wp-content\\\/uploads\\\/2026\\\/02\\\/115-scaled.webp\",\"datePublished\":\"2026-02-27T08:14:32+00:00\",\"dateModified\":\"2026-03-02T09:33:56+00:00\",\"description\":\"Black Angus Rindshackfleisch aus Schweizer Weidehaltung kaufen. Frisch verarbeitet, saftig und aromatisch \u2013 perfekt f\u00fcr Burger, Bolognese und mehr.\",\"breadcrumb\":{\"@id\":\"https:\\\/\\\/portfolio.zenkoders.com\\\/meat-selling\\\/shop\\\/black-angus\\\/rindshackfleisch-black-angus\\\/#breadcrumb\"},\"inLanguage\":\"en-US\",\"potentialAction\":[{\"@type\":\"ReadAction\",\"target\":[\"https:\\\/\\\/portfolio.zenkoders.com\\\/meat-selling\\\/shop\\\/black-angus\\\/rindshackfleisch-black-angus\\\/\"]}]},{\"@type\":\"ImageObject\",\"inLanguage\":\"en-US\",\"@id\":\"https:\\\/\\\/portfolio.zenkoders.com\\\/meat-selling\\\/shop\\\/black-angus\\\/rindshackfleisch-black-angus\\\/#primaryimage\",\"url\":\"https:\\\/\\\/portfolio.zenkoders.com\\\/meat-selling\\\/wp-content\\\/uploads\\\/2026\\\/02\\\/115-scaled.webp\",\"contentUrl\":\"https:\\\/\\\/portfolio.zenkoders.com\\\/meat-selling\\\/wp-content\\\/uploads\\\/2026\\\/02\\\/115-scaled.webp\",\"width\":2560,\"height\":1707,\"caption\":\"Hackfleisch Black Angus Schweiz Weidehaltung kaufen\"},{\"@type\":\"BreadcrumbList\",\"@id\":\"https:\\\/\\\/portfolio.zenkoders.com\\\/meat-selling\\\/shop\\\/black-angus\\\/rindshackfleisch-black-angus\\\/#breadcrumb\",\"itemListElement\":[{\"@type\":\"ListItem\",\"position\":1,\"name\":\"Home\",\"item\":\"https:\\\/\\\/portfolio.zenkoders.com\\\/meat-selling\\\/\"},{\"@type\":\"ListItem\",\"position\":2,\"name\":\"Shop\",\"item\":\"https:\\\/\\\/portfolio.zenkoders.com\\\/meat-selling\\\/shop\\\/\"},{\"@type\":\"ListItem\",\"position\":3,\"name\":\"Rindshackfleisch \u2013 Black Angus\"}]},{\"@type\":\"WebSite\",\"@id\":\"https:\\\/\\\/portfolio.zenkoders.com\\\/meat-selling\\\/#website\",\"url\":\"https:\\\/\\\/portfolio.zenkoders.com\\\/meat-selling\\\/\",\"name\":\"Meat Selling\",\"description\":\"\",\"potentialAction\":[{\"@type\":\"SearchAction\",\"target\":{\"@type\":\"EntryPoint\",\"urlTemplate\":\"https:\\\/\\\/portfolio.zenkoders.com\\\/meat-selling\\\/?s={search_term_string}\"},\"query-input\":{\"@type\":\"PropertyValueSpecification\",\"valueRequired\":true,\"valueName\":\"search_term_string\"}}],\"inLanguage\":\"en-US\"}]}<\/script>\n<!-- \/ Yoast SEO plugin. -->","yoast_head_json":{"title":"Black Angus Hackfleisch Schweiz kaufen | Weiderind","description":"Black Angus Rindshackfleisch aus Schweizer Weidehaltung kaufen. Frisch verarbeitet, saftig und aromatisch \u2013 perfekt f\u00fcr Burger, Bolognese und mehr.","robots":{"index":"index","follow":"follow","max-snippet":"max-snippet:-1","max-image-preview":"max-image-preview:large","max-video-preview":"max-video-preview:-1"},"canonical":"https:\/\/portfolio.zenkoders.com\/meat-selling\/shop\/black-angus\/rindshackfleisch-black-angus\/","og_locale":"en_US","og_type":"article","og_title":"Black Angus Hackfleisch Schweiz kaufen | Weiderind","og_description":"Black Angus Rindshackfleisch aus Schweizer Weidehaltung kaufen. Frisch verarbeitet, saftig und aromatisch \u2013 perfekt f\u00fcr Burger, Bolognese und mehr.","og_url":"https:\/\/portfolio.zenkoders.com\/meat-selling\/shop\/black-angus\/rindshackfleisch-black-angus\/","og_site_name":"Meat Selling","article_modified_time":"2026-03-02T09:33:56+00:00","og_image":[{"width":2560,"height":1707,"url":"https:\/\/portfolio.zenkoders.com\/meat-selling\/wp-content\/uploads\/2026\/02\/115-scaled.webp","type":"image\/webp"}],"twitter_card":"summary_large_image","twitter_misc":{"Est. reading time":"1 minute"},"schema":{"@context":"https:\/\/schema.org","@graph":[{"@type":"WebPage","@id":"https:\/\/portfolio.zenkoders.com\/meat-selling\/shop\/black-angus\/rindshackfleisch-black-angus\/","url":"https:\/\/portfolio.zenkoders.com\/meat-selling\/shop\/black-angus\/rindshackfleisch-black-angus\/","name":"Black Angus Hackfleisch Schweiz kaufen | Weiderind","isPartOf":{"@id":"https:\/\/portfolio.zenkoders.com\/meat-selling\/#website"},"primaryImageOfPage":{"@id":"https:\/\/portfolio.zenkoders.com\/meat-selling\/shop\/black-angus\/rindshackfleisch-black-angus\/#primaryimage"},"image":{"@id":"https:\/\/portfolio.zenkoders.com\/meat-selling\/shop\/black-angus\/rindshackfleisch-black-angus\/#primaryimage"},"thumbnailUrl":"https:\/\/portfolio.zenkoders.com\/meat-selling\/wp-content\/uploads\/2026\/02\/115-scaled.webp","datePublished":"2026-02-27T08:14:32+00:00","dateModified":"2026-03-02T09:33:56+00:00","description":"Black Angus Rindshackfleisch aus Schweizer Weidehaltung kaufen. Frisch verarbeitet, saftig und aromatisch \u2013 perfekt f\u00fcr Burger, Bolognese und mehr.","breadcrumb":{"@id":"https:\/\/portfolio.zenkoders.com\/meat-selling\/shop\/black-angus\/rindshackfleisch-black-angus\/#breadcrumb"},"inLanguage":"en-US","potentialAction":[{"@type":"ReadAction","target":["https:\/\/portfolio.zenkoders.com\/meat-selling\/shop\/black-angus\/rindshackfleisch-black-angus\/"]}]},{"@type":"ImageObject","inLanguage":"en-US","@id":"https:\/\/portfolio.zenkoders.com\/meat-selling\/shop\/black-angus\/rindshackfleisch-black-angus\/#primaryimage","url":"https:\/\/portfolio.zenkoders.com\/meat-selling\/wp-content\/uploads\/2026\/02\/115-scaled.webp","contentUrl":"https:\/\/portfolio.zenkoders.com\/meat-selling\/wp-content\/uploads\/2026\/02\/115-scaled.webp","width":2560,"height":1707,"caption":"Hackfleisch Black Angus Schweiz Weidehaltung kaufen"},{"@type":"BreadcrumbList","@id":"https:\/\/portfolio.zenkoders.com\/meat-selling\/shop\/black-angus\/rindshackfleisch-black-angus\/#breadcrumb","itemListElement":[{"@type":"ListItem","position":1,"name":"Home","item":"https:\/\/portfolio.zenkoders.com\/meat-selling\/"},{"@type":"ListItem","position":2,"name":"Shop","item":"https:\/\/portfolio.zenkoders.com\/meat-selling\/shop\/"},{"@type":"ListItem","position":3,"name":"Rindshackfleisch \u2013 Black Angus"}]},{"@type":"WebSite","@id":"https:\/\/portfolio.zenkoders.com\/meat-selling\/#website","url":"https:\/\/portfolio.zenkoders.com\/meat-selling\/","name":"Meat Selling","description":"","potentialAction":[{"@type":"SearchAction","target":{"@type":"EntryPoint","urlTemplate":"https:\/\/portfolio.zenkoders.com\/meat-selling\/?s={search_term_string}"},"query-input":{"@type":"PropertyValueSpecification","valueRequired":true,"valueName":"search_term_string"}}],"inLanguage":"en-US"}]}},"_links":{"self":[{"href":"https:\/\/portfolio.zenkoders.com\/meat-selling\/wp-json\/wp\/v2\/product\/1007","targetHints":{"allow":["GET"]}}],"collection":[{"href":"https:\/\/portfolio.zenkoders.com\/meat-selling\/wp-json\/wp\/v2\/product"}],"about":[{"href":"https:\/\/portfolio.zenkoders.com\/meat-selling\/wp-json\/wp\/v2\/types\/product"}],"replies":[{"embeddable":true,"href":"https:\/\/portfolio.zenkoders.com\/meat-selling\/wp-json\/wp\/v2\/comments?post=1007"}],"wp:featuredmedia":[{"embeddable":true,"href":"https:\/\/portfolio.zenkoders.com\/meat-selling\/wp-json\/wp\/v2\/media\/1017"}],"wp:attachment":[{"href":"https:\/\/portfolio.zenkoders.com\/meat-selling\/wp-json\/wp\/v2\/media?parent=1007"}],"wp:term":[{"taxonomy":"product_brand","embeddable":true,"href":"https:\/\/portfolio.zenkoders.com\/meat-selling\/wp-json\/wp\/v2\/product_brand?post=1007"},{"taxonomy":"product_cat","embeddable":true,"href":"https:\/\/portfolio.zenkoders.com\/meat-selling\/wp-json\/wp\/v2\/product_cat?post=1007"},{"taxonomy":"product_tag","embeddable":true,"href":"https:\/\/portfolio.zenkoders.com\/meat-selling\/wp-json\/wp\/v2\/product_tag?post=1007"}],"curies":[{"name":"wp","href":"https:\/\/api.w.org\/{rel}","templated":true}]}}