{"id":507,"date":"2026-01-23T09:23:41","date_gmt":"2026-01-23T09:23:41","guid":{"rendered":"https:\/\/portfolio.zenkoders.com\/meat-selling\/?post_type=product&#038;p=507"},"modified":"2026-03-02T11:54:43","modified_gmt":"2026-03-02T11:54:43","slug":"duroc-filet","status":"publish","type":"product","link":"https:\/\/portfolio.zenkoders.com\/meat-selling\/shop\/schwein\/duroc\/duroc-filet\/","title":{"rendered":"Duroc Filet"},"content":{"rendered":"<p>Das Filet ist das feinste St\u00fcck vom Schwein \u2013 bei Duroc-Schweinen besonders zart und geschmacksintensiv. Unsere Filets stammen aus Schweizer Freilandhaltung und werden sorgf\u00e4ltig gereift. Die dezente Marmorierung sorgt f\u00fcr Saftigkeit, ohne fettlastig zu wirken. Ideal f\u00fcr G\u00e4ste, die Leichtigkeit mit Qualit\u00e4t verbinden wollen.<\/p>\n<p><strong><b>Zubereitung<\/b><\/strong><br \/>\nKurz, heiss anbraten, dann bei 80\u2013100\u202f\u00b0C im Ofen auf Kerntemperatur ziehen lassen. Perfekt auch sous-vide.<\/p>\n<p><strong><b>Herkunft &amp; Besonderheiten<\/b><\/strong><br \/>\nSchweizer Duroc-Freilandhaltung, von Hand pariert und 3 Wochen gereift.<\/p>\n<p><strong><b>Portionshinweis<\/b><\/strong><br \/>\nCa. 180\u2013220g pro Person als Hauptgang.<\/p>\n","protected":false},"excerpt":{"rendered":"<p>Zart wie Butter \u2013 das Filet vom Duroc-Schwein ist ein Paradebeispiel f\u00fcr Finesse.<\/p>\n","protected":false},"featured_media":1054,"comment_status":"open","ping_status":"closed","template":"","meta":[],"product_brand":[],"product_cat":[34,43],"product_tag":[51,54],"class_list":{"0":"post-507","1":"product","2":"type-product","3":"status-publish","4":"has-post-thumbnail","6":"product_cat-duroc","7":"product_cat-schwein","8":"product_tag-freiland","9":"product_tag-schweiz","11":"first","12":"instock","13":"shipping-taxable","14":"purchasable","15":"product-type-variable"},"yoast_head":"<!-- This site is optimized with the Yoast SEO plugin v27.4 - https:\/\/yoast.com\/product\/yoast-seo-wordpress\/ -->\n<title>Duroc Filet Freiland Schweiz kaufen | Premium Cut<\/title>\n<meta name=\"description\" content=\"Duroc Filet aus Schweizer Freilandhaltung online kaufen. Zart, saftig, mit feiner Marmorierung. Direkt gek\u00fchlt zu Ihnen nach Hause geliefert.\" \/>\n<meta name=\"robots\" content=\"index, follow, max-snippet:-1, max-image-preview:large, max-video-preview:-1\" \/>\n<link rel=\"canonical\" href=\"https:\/\/portfolio.zenkoders.com\/meat-selling\/shop\/schwein\/duroc\/duroc-filet\/\" \/>\n<meta property=\"og:locale\" content=\"en_US\" \/>\n<meta property=\"og:type\" content=\"article\" \/>\n<meta property=\"og:title\" content=\"Duroc Filet Freiland Schweiz kaufen | Premium Cut\" \/>\n<meta property=\"og:description\" content=\"Duroc Filet aus Schweizer Freilandhaltung online kaufen. Zart, saftig, mit feiner Marmorierung. Direkt gek\u00fchlt zu Ihnen nach Hause geliefert.\" \/>\n<meta property=\"og:url\" content=\"https:\/\/portfolio.zenkoders.com\/meat-selling\/shop\/schwein\/duroc\/duroc-filet\/\" \/>\n<meta property=\"og:site_name\" content=\"Meat Selling\" \/>\n<meta property=\"article:modified_time\" content=\"2026-03-02T11:54:43+00:00\" \/>\n<meta property=\"og:image\" content=\"https:\/\/portfolio.zenkoders.com\/meat-selling\/wp-content\/uploads\/2026\/01\/124-scaled.webp\" \/>\n\t<meta property=\"og:image:width\" content=\"2560\" \/>\n\t<meta property=\"og:image:height\" content=\"1706\" \/>\n\t<meta property=\"og:image:type\" content=\"image\/webp\" \/>\n<meta name=\"twitter:card\" content=\"summary_large_image\" \/>\n<meta name=\"twitter:label1\" content=\"Est. reading time\" \/>\n\t<meta name=\"twitter:data1\" content=\"1 minute\" \/>\n<script type=\"application\/ld+json\" class=\"yoast-schema-graph\">{\"@context\":\"https:\\\/\\\/schema.org\",\"@graph\":[{\"@type\":\"WebPage\",\"@id\":\"https:\\\/\\\/portfolio.zenkoders.com\\\/meat-selling\\\/shop\\\/schwein\\\/duroc\\\/duroc-filet\\\/\",\"url\":\"https:\\\/\\\/portfolio.zenkoders.com\\\/meat-selling\\\/shop\\\/schwein\\\/duroc\\\/duroc-filet\\\/\",\"name\":\"Duroc Filet Freiland Schweiz kaufen | Premium Cut\",\"isPartOf\":{\"@id\":\"https:\\\/\\\/portfolio.zenkoders.com\\\/meat-selling\\\/#website\"},\"primaryImageOfPage\":{\"@id\":\"https:\\\/\\\/portfolio.zenkoders.com\\\/meat-selling\\\/shop\\\/schwein\\\/duroc\\\/duroc-filet\\\/#primaryimage\"},\"image\":{\"@id\":\"https:\\\/\\\/portfolio.zenkoders.com\\\/meat-selling\\\/shop\\\/schwein\\\/duroc\\\/duroc-filet\\\/#primaryimage\"},\"thumbnailUrl\":\"https:\\\/\\\/portfolio.zenkoders.com\\\/meat-selling\\\/wp-content\\\/uploads\\\/2026\\\/01\\\/124-scaled.webp\",\"datePublished\":\"2026-01-23T09:23:41+00:00\",\"dateModified\":\"2026-03-02T11:54:43+00:00\",\"description\":\"Duroc Filet aus Schweizer Freilandhaltung online kaufen. Zart, saftig, mit feiner Marmorierung. Direkt gek\u00fchlt zu Ihnen nach Hause geliefert.\",\"breadcrumb\":{\"@id\":\"https:\\\/\\\/portfolio.zenkoders.com\\\/meat-selling\\\/shop\\\/schwein\\\/duroc\\\/duroc-filet\\\/#breadcrumb\"},\"inLanguage\":\"en-US\",\"potentialAction\":[{\"@type\":\"ReadAction\",\"target\":[\"https:\\\/\\\/portfolio.zenkoders.com\\\/meat-selling\\\/shop\\\/schwein\\\/duroc\\\/duroc-filet\\\/\"]}]},{\"@type\":\"ImageObject\",\"inLanguage\":\"en-US\",\"@id\":\"https:\\\/\\\/portfolio.zenkoders.com\\\/meat-selling\\\/shop\\\/schwein\\\/duroc\\\/duroc-filet\\\/#primaryimage\",\"url\":\"https:\\\/\\\/portfolio.zenkoders.com\\\/meat-selling\\\/wp-content\\\/uploads\\\/2026\\\/01\\\/124-scaled.webp\",\"contentUrl\":\"https:\\\/\\\/portfolio.zenkoders.com\\\/meat-selling\\\/wp-content\\\/uploads\\\/2026\\\/01\\\/124-scaled.webp\",\"width\":2560,\"height\":1706,\"caption\":\"Filet Duroc Schweiz Freiland kaufen\"},{\"@type\":\"BreadcrumbList\",\"@id\":\"https:\\\/\\\/portfolio.zenkoders.com\\\/meat-selling\\\/shop\\\/schwein\\\/duroc\\\/duroc-filet\\\/#breadcrumb\",\"itemListElement\":[{\"@type\":\"ListItem\",\"position\":1,\"name\":\"Home\",\"item\":\"https:\\\/\\\/portfolio.zenkoders.com\\\/meat-selling\\\/\"},{\"@type\":\"ListItem\",\"position\":2,\"name\":\"Shop\",\"item\":\"https:\\\/\\\/portfolio.zenkoders.com\\\/meat-selling\\\/shop\\\/\"},{\"@type\":\"ListItem\",\"position\":3,\"name\":\"Duroc Filet\"}]},{\"@type\":\"WebSite\",\"@id\":\"https:\\\/\\\/portfolio.zenkoders.com\\\/meat-selling\\\/#website\",\"url\":\"https:\\\/\\\/portfolio.zenkoders.com\\\/meat-selling\\\/\",\"name\":\"Meat Selling\",\"description\":\"\",\"potentialAction\":[{\"@type\":\"SearchAction\",\"target\":{\"@type\":\"EntryPoint\",\"urlTemplate\":\"https:\\\/\\\/portfolio.zenkoders.com\\\/meat-selling\\\/?s={search_term_string}\"},\"query-input\":{\"@type\":\"PropertyValueSpecification\",\"valueRequired\":true,\"valueName\":\"search_term_string\"}}],\"inLanguage\":\"en-US\"}]}<\/script>\n<!-- \/ Yoast SEO plugin. -->","yoast_head_json":{"title":"Duroc Filet Freiland Schweiz kaufen | Premium Cut","description":"Duroc Filet aus Schweizer Freilandhaltung online kaufen. Zart, saftig, mit feiner Marmorierung. Direkt gek\u00fchlt zu Ihnen nach Hause geliefert.","robots":{"index":"index","follow":"follow","max-snippet":"max-snippet:-1","max-image-preview":"max-image-preview:large","max-video-preview":"max-video-preview:-1"},"canonical":"https:\/\/portfolio.zenkoders.com\/meat-selling\/shop\/schwein\/duroc\/duroc-filet\/","og_locale":"en_US","og_type":"article","og_title":"Duroc Filet Freiland Schweiz kaufen | Premium Cut","og_description":"Duroc Filet aus Schweizer Freilandhaltung online kaufen. Zart, saftig, mit feiner Marmorierung. Direkt gek\u00fchlt zu Ihnen nach Hause geliefert.","og_url":"https:\/\/portfolio.zenkoders.com\/meat-selling\/shop\/schwein\/duroc\/duroc-filet\/","og_site_name":"Meat Selling","article_modified_time":"2026-03-02T11:54:43+00:00","og_image":[{"width":2560,"height":1706,"url":"https:\/\/portfolio.zenkoders.com\/meat-selling\/wp-content\/uploads\/2026\/01\/124-scaled.webp","type":"image\/webp"}],"twitter_card":"summary_large_image","twitter_misc":{"Est. reading time":"1 minute"},"schema":{"@context":"https:\/\/schema.org","@graph":[{"@type":"WebPage","@id":"https:\/\/portfolio.zenkoders.com\/meat-selling\/shop\/schwein\/duroc\/duroc-filet\/","url":"https:\/\/portfolio.zenkoders.com\/meat-selling\/shop\/schwein\/duroc\/duroc-filet\/","name":"Duroc Filet Freiland Schweiz kaufen | Premium Cut","isPartOf":{"@id":"https:\/\/portfolio.zenkoders.com\/meat-selling\/#website"},"primaryImageOfPage":{"@id":"https:\/\/portfolio.zenkoders.com\/meat-selling\/shop\/schwein\/duroc\/duroc-filet\/#primaryimage"},"image":{"@id":"https:\/\/portfolio.zenkoders.com\/meat-selling\/shop\/schwein\/duroc\/duroc-filet\/#primaryimage"},"thumbnailUrl":"https:\/\/portfolio.zenkoders.com\/meat-selling\/wp-content\/uploads\/2026\/01\/124-scaled.webp","datePublished":"2026-01-23T09:23:41+00:00","dateModified":"2026-03-02T11:54:43+00:00","description":"Duroc Filet aus Schweizer Freilandhaltung online kaufen. Zart, saftig, mit feiner Marmorierung. Direkt gek\u00fchlt zu Ihnen nach Hause geliefert.","breadcrumb":{"@id":"https:\/\/portfolio.zenkoders.com\/meat-selling\/shop\/schwein\/duroc\/duroc-filet\/#breadcrumb"},"inLanguage":"en-US","potentialAction":[{"@type":"ReadAction","target":["https:\/\/portfolio.zenkoders.com\/meat-selling\/shop\/schwein\/duroc\/duroc-filet\/"]}]},{"@type":"ImageObject","inLanguage":"en-US","@id":"https:\/\/portfolio.zenkoders.com\/meat-selling\/shop\/schwein\/duroc\/duroc-filet\/#primaryimage","url":"https:\/\/portfolio.zenkoders.com\/meat-selling\/wp-content\/uploads\/2026\/01\/124-scaled.webp","contentUrl":"https:\/\/portfolio.zenkoders.com\/meat-selling\/wp-content\/uploads\/2026\/01\/124-scaled.webp","width":2560,"height":1706,"caption":"Filet Duroc Schweiz Freiland kaufen"},{"@type":"BreadcrumbList","@id":"https:\/\/portfolio.zenkoders.com\/meat-selling\/shop\/schwein\/duroc\/duroc-filet\/#breadcrumb","itemListElement":[{"@type":"ListItem","position":1,"name":"Home","item":"https:\/\/portfolio.zenkoders.com\/meat-selling\/"},{"@type":"ListItem","position":2,"name":"Shop","item":"https:\/\/portfolio.zenkoders.com\/meat-selling\/shop\/"},{"@type":"ListItem","position":3,"name":"Duroc Filet"}]},{"@type":"WebSite","@id":"https:\/\/portfolio.zenkoders.com\/meat-selling\/#website","url":"https:\/\/portfolio.zenkoders.com\/meat-selling\/","name":"Meat Selling","description":"","potentialAction":[{"@type":"SearchAction","target":{"@type":"EntryPoint","urlTemplate":"https:\/\/portfolio.zenkoders.com\/meat-selling\/?s={search_term_string}"},"query-input":{"@type":"PropertyValueSpecification","valueRequired":true,"valueName":"search_term_string"}}],"inLanguage":"en-US"}]}},"_links":{"self":[{"href":"https:\/\/portfolio.zenkoders.com\/meat-selling\/wp-json\/wp\/v2\/product\/507","targetHints":{"allow":["GET"]}}],"collection":[{"href":"https:\/\/portfolio.zenkoders.com\/meat-selling\/wp-json\/wp\/v2\/product"}],"about":[{"href":"https:\/\/portfolio.zenkoders.com\/meat-selling\/wp-json\/wp\/v2\/types\/product"}],"replies":[{"embeddable":true,"href":"https:\/\/portfolio.zenkoders.com\/meat-selling\/wp-json\/wp\/v2\/comments?post=507"}],"wp:featuredmedia":[{"embeddable":true,"href":"https:\/\/portfolio.zenkoders.com\/meat-selling\/wp-json\/wp\/v2\/media\/1054"}],"wp:attachment":[{"href":"https:\/\/portfolio.zenkoders.com\/meat-selling\/wp-json\/wp\/v2\/media?parent=507"}],"wp:term":[{"taxonomy":"product_brand","embeddable":true,"href":"https:\/\/portfolio.zenkoders.com\/meat-selling\/wp-json\/wp\/v2\/product_brand?post=507"},{"taxonomy":"product_cat","embeddable":true,"href":"https:\/\/portfolio.zenkoders.com\/meat-selling\/wp-json\/wp\/v2\/product_cat?post=507"},{"taxonomy":"product_tag","embeddable":true,"href":"https:\/\/portfolio.zenkoders.com\/meat-selling\/wp-json\/wp\/v2\/product_tag?post=507"}],"curies":[{"name":"wp","href":"https:\/\/api.w.org\/{rel}","templated":true}]}}