{"id":518,"date":"2026-01-23T10:25:45","date_gmt":"2026-01-23T10:25:45","guid":{"rendered":"https:\/\/portfolio.zenkoders.com\/meat-selling\/?post_type=product&#038;p=518"},"modified":"2026-03-02T09:35:57","modified_gmt":"2026-03-02T09:35:57","slug":"hohrucken-black-angus-rind","status":"publish","type":"product","link":"https:\/\/portfolio.zenkoders.com\/meat-selling\/shop\/black-angus\/hohrucken-black-angus-rind\/","title":{"rendered":"Hohr\u00fccken (Black Angus Rind)"},"content":{"rendered":"<p>Der Hohr\u00fccken \u2013 auch bekannt als Rib-Eye ohne Knochen \u2013 ist der absolute Liebling unter Steakliebhabern. Die ausgepr\u00e4gte Marmorierung sorgt beim Braten oder Grillieren f\u00fcr eine einzigartige Kombination aus Saftigkeit und Aroma. Unser Cut stammt von langsam gewachsenen Angus-Rindern und wird trocken gereift f\u00fcr maximale Geschmackstiefe. Ideal f\u00fcr Grill, Pfanne oder Smoker.<\/p>\n<p><strong><b>Zubereitung<\/b><\/strong><br \/>\n2\u20133\u202fMin. pro Seite scharf anbraten, dann ruhen lassen. Medium rare bei 54\u201356\u202f\u00b0C.<\/p>\n<p><strong><b>Herkunft &amp; Besonderheiten<\/b><\/strong><br \/>\nBlack Angus Rind aus tierfreundlicher Haltung. Dry Aged 28+ Tage.<\/p>\n<p><strong><b>Portionshinweis<\/b><\/strong><br \/>\nCa. 350\u2013400\u202fg pro Steak \/ 1 Portion.<\/p>\n","protected":false},"excerpt":{"rendered":"<p>Ein Steak mit Wucht: saftig, kernig, vollmundig \u2013 aus dem R\u00fccken des Angus-Rinds.<\/p>\n","protected":false},"featured_media":747,"comment_status":"open","ping_status":"closed","template":"","meta":[],"product_brand":[],"product_cat":[24],"product_tag":[52,54,56],"class_list":{"0":"post-518","1":"product","2":"type-product","3":"status-publish","4":"has-post-thumbnail","6":"product_cat-black-angus","7":"product_tag-dry-aged","8":"product_tag-schweiz","9":"product_tag-weidehaltung","11":"first","12":"instock","13":"shipping-taxable","14":"purchasable","15":"product-type-variable"},"yoast_head":"<!-- This site is optimized with the Yoast SEO plugin v27.4 - https:\/\/yoast.com\/product\/yoast-seo-wordpress\/ -->\n<title>Black Angus Hohr\u00fccken Dry Aged Schweiz kaufen<\/title>\n<meta name=\"description\" content=\"Black Angus Hohr\u00fccken aus Schweizer Weidehaltung kaufen. Dry Aged, mit ausgepr\u00e4gter Marmorierung und intramuskul\u00e4rem Fett \u2013 ein klassischer Steak Cut.\" \/>\n<meta name=\"robots\" content=\"index, follow, max-snippet:-1, max-image-preview:large, max-video-preview:-1\" \/>\n<link rel=\"canonical\" href=\"https:\/\/portfolio.zenkoders.com\/meat-selling\/shop\/black-angus\/hohrucken-black-angus-rind\/\" \/>\n<meta property=\"og:locale\" content=\"en_US\" \/>\n<meta property=\"og:type\" content=\"article\" \/>\n<meta property=\"og:title\" content=\"Black Angus Hohr\u00fccken Dry Aged Schweiz kaufen\" \/>\n<meta property=\"og:description\" content=\"Black Angus Hohr\u00fccken aus Schweizer Weidehaltung kaufen. Dry Aged, mit ausgepr\u00e4gter Marmorierung und intramuskul\u00e4rem Fett \u2013 ein klassischer Steak Cut.\" \/>\n<meta property=\"og:url\" content=\"https:\/\/portfolio.zenkoders.com\/meat-selling\/shop\/black-angus\/hohrucken-black-angus-rind\/\" \/>\n<meta property=\"og:site_name\" content=\"Meat Selling\" \/>\n<meta property=\"article:modified_time\" content=\"2026-03-02T09:35:57+00:00\" \/>\n<meta property=\"og:image\" content=\"https:\/\/portfolio.zenkoders.com\/meat-selling\/wp-content\/uploads\/2026\/01\/54-scaled.webp\" \/>\n\t<meta property=\"og:image:width\" content=\"2560\" \/>\n\t<meta property=\"og:image:height\" content=\"1707\" \/>\n\t<meta property=\"og:image:type\" content=\"image\/webp\" \/>\n<meta name=\"twitter:card\" content=\"summary_large_image\" \/>\n<meta name=\"twitter:label1\" content=\"Est. reading time\" \/>\n\t<meta name=\"twitter:data1\" content=\"1 minute\" \/>\n<script type=\"application\/ld+json\" class=\"yoast-schema-graph\">{\"@context\":\"https:\\\/\\\/schema.org\",\"@graph\":[{\"@type\":\"WebPage\",\"@id\":\"https:\\\/\\\/portfolio.zenkoders.com\\\/meat-selling\\\/shop\\\/black-angus\\\/hohrucken-black-angus-rind\\\/\",\"url\":\"https:\\\/\\\/portfolio.zenkoders.com\\\/meat-selling\\\/shop\\\/black-angus\\\/hohrucken-black-angus-rind\\\/\",\"name\":\"Black Angus Hohr\u00fccken Dry Aged Schweiz kaufen\",\"isPartOf\":{\"@id\":\"https:\\\/\\\/portfolio.zenkoders.com\\\/meat-selling\\\/#website\"},\"primaryImageOfPage\":{\"@id\":\"https:\\\/\\\/portfolio.zenkoders.com\\\/meat-selling\\\/shop\\\/black-angus\\\/hohrucken-black-angus-rind\\\/#primaryimage\"},\"image\":{\"@id\":\"https:\\\/\\\/portfolio.zenkoders.com\\\/meat-selling\\\/shop\\\/black-angus\\\/hohrucken-black-angus-rind\\\/#primaryimage\"},\"thumbnailUrl\":\"https:\\\/\\\/portfolio.zenkoders.com\\\/meat-selling\\\/wp-content\\\/uploads\\\/2026\\\/01\\\/54-scaled.webp\",\"datePublished\":\"2026-01-23T10:25:45+00:00\",\"dateModified\":\"2026-03-02T09:35:57+00:00\",\"description\":\"Black Angus Hohr\u00fccken aus Schweizer Weidehaltung kaufen. Dry Aged, mit ausgepr\u00e4gter Marmorierung und intramuskul\u00e4rem Fett \u2013 ein klassischer Steak Cut.\",\"breadcrumb\":{\"@id\":\"https:\\\/\\\/portfolio.zenkoders.com\\\/meat-selling\\\/shop\\\/black-angus\\\/hohrucken-black-angus-rind\\\/#breadcrumb\"},\"inLanguage\":\"en-US\",\"potentialAction\":[{\"@type\":\"ReadAction\",\"target\":[\"https:\\\/\\\/portfolio.zenkoders.com\\\/meat-selling\\\/shop\\\/black-angus\\\/hohrucken-black-angus-rind\\\/\"]}]},{\"@type\":\"ImageObject\",\"inLanguage\":\"en-US\",\"@id\":\"https:\\\/\\\/portfolio.zenkoders.com\\\/meat-selling\\\/shop\\\/black-angus\\\/hohrucken-black-angus-rind\\\/#primaryimage\",\"url\":\"https:\\\/\\\/portfolio.zenkoders.com\\\/meat-selling\\\/wp-content\\\/uploads\\\/2026\\\/01\\\/54-scaled.webp\",\"contentUrl\":\"https:\\\/\\\/portfolio.zenkoders.com\\\/meat-selling\\\/wp-content\\\/uploads\\\/2026\\\/01\\\/54-scaled.webp\",\"width\":2560,\"height\":1707,\"caption\":\"Hohr\u00fccken Black Angus Schweiz Weidehaltung kaufen\"},{\"@type\":\"BreadcrumbList\",\"@id\":\"https:\\\/\\\/portfolio.zenkoders.com\\\/meat-selling\\\/shop\\\/black-angus\\\/hohrucken-black-angus-rind\\\/#breadcrumb\",\"itemListElement\":[{\"@type\":\"ListItem\",\"position\":1,\"name\":\"Home\",\"item\":\"https:\\\/\\\/portfolio.zenkoders.com\\\/meat-selling\\\/\"},{\"@type\":\"ListItem\",\"position\":2,\"name\":\"Shop\",\"item\":\"https:\\\/\\\/portfolio.zenkoders.com\\\/meat-selling\\\/shop\\\/\"},{\"@type\":\"ListItem\",\"position\":3,\"name\":\"Hohr\u00fccken (Black Angus Rind)\"}]},{\"@type\":\"WebSite\",\"@id\":\"https:\\\/\\\/portfolio.zenkoders.com\\\/meat-selling\\\/#website\",\"url\":\"https:\\\/\\\/portfolio.zenkoders.com\\\/meat-selling\\\/\",\"name\":\"Meat Selling\",\"description\":\"\",\"potentialAction\":[{\"@type\":\"SearchAction\",\"target\":{\"@type\":\"EntryPoint\",\"urlTemplate\":\"https:\\\/\\\/portfolio.zenkoders.com\\\/meat-selling\\\/?s={search_term_string}\"},\"query-input\":{\"@type\":\"PropertyValueSpecification\",\"valueRequired\":true,\"valueName\":\"search_term_string\"}}],\"inLanguage\":\"en-US\"}]}<\/script>\n<!-- \/ Yoast SEO plugin. -->","yoast_head_json":{"title":"Black Angus Hohr\u00fccken Dry Aged Schweiz kaufen","description":"Black Angus Hohr\u00fccken aus Schweizer Weidehaltung kaufen. Dry Aged, mit ausgepr\u00e4gter Marmorierung und intramuskul\u00e4rem Fett \u2013 ein klassischer Steak Cut.","robots":{"index":"index","follow":"follow","max-snippet":"max-snippet:-1","max-image-preview":"max-image-preview:large","max-video-preview":"max-video-preview:-1"},"canonical":"https:\/\/portfolio.zenkoders.com\/meat-selling\/shop\/black-angus\/hohrucken-black-angus-rind\/","og_locale":"en_US","og_type":"article","og_title":"Black Angus Hohr\u00fccken Dry Aged Schweiz kaufen","og_description":"Black Angus Hohr\u00fccken aus Schweizer Weidehaltung kaufen. Dry Aged, mit ausgepr\u00e4gter Marmorierung und intramuskul\u00e4rem Fett \u2013 ein klassischer Steak Cut.","og_url":"https:\/\/portfolio.zenkoders.com\/meat-selling\/shop\/black-angus\/hohrucken-black-angus-rind\/","og_site_name":"Meat Selling","article_modified_time":"2026-03-02T09:35:57+00:00","og_image":[{"width":2560,"height":1707,"url":"https:\/\/portfolio.zenkoders.com\/meat-selling\/wp-content\/uploads\/2026\/01\/54-scaled.webp","type":"image\/webp"}],"twitter_card":"summary_large_image","twitter_misc":{"Est. reading time":"1 minute"},"schema":{"@context":"https:\/\/schema.org","@graph":[{"@type":"WebPage","@id":"https:\/\/portfolio.zenkoders.com\/meat-selling\/shop\/black-angus\/hohrucken-black-angus-rind\/","url":"https:\/\/portfolio.zenkoders.com\/meat-selling\/shop\/black-angus\/hohrucken-black-angus-rind\/","name":"Black Angus Hohr\u00fccken Dry Aged Schweiz kaufen","isPartOf":{"@id":"https:\/\/portfolio.zenkoders.com\/meat-selling\/#website"},"primaryImageOfPage":{"@id":"https:\/\/portfolio.zenkoders.com\/meat-selling\/shop\/black-angus\/hohrucken-black-angus-rind\/#primaryimage"},"image":{"@id":"https:\/\/portfolio.zenkoders.com\/meat-selling\/shop\/black-angus\/hohrucken-black-angus-rind\/#primaryimage"},"thumbnailUrl":"https:\/\/portfolio.zenkoders.com\/meat-selling\/wp-content\/uploads\/2026\/01\/54-scaled.webp","datePublished":"2026-01-23T10:25:45+00:00","dateModified":"2026-03-02T09:35:57+00:00","description":"Black Angus Hohr\u00fccken aus Schweizer Weidehaltung kaufen. Dry Aged, mit ausgepr\u00e4gter Marmorierung und intramuskul\u00e4rem Fett \u2013 ein klassischer Steak Cut.","breadcrumb":{"@id":"https:\/\/portfolio.zenkoders.com\/meat-selling\/shop\/black-angus\/hohrucken-black-angus-rind\/#breadcrumb"},"inLanguage":"en-US","potentialAction":[{"@type":"ReadAction","target":["https:\/\/portfolio.zenkoders.com\/meat-selling\/shop\/black-angus\/hohrucken-black-angus-rind\/"]}]},{"@type":"ImageObject","inLanguage":"en-US","@id":"https:\/\/portfolio.zenkoders.com\/meat-selling\/shop\/black-angus\/hohrucken-black-angus-rind\/#primaryimage","url":"https:\/\/portfolio.zenkoders.com\/meat-selling\/wp-content\/uploads\/2026\/01\/54-scaled.webp","contentUrl":"https:\/\/portfolio.zenkoders.com\/meat-selling\/wp-content\/uploads\/2026\/01\/54-scaled.webp","width":2560,"height":1707,"caption":"Hohr\u00fccken Black Angus Schweiz Weidehaltung kaufen"},{"@type":"BreadcrumbList","@id":"https:\/\/portfolio.zenkoders.com\/meat-selling\/shop\/black-angus\/hohrucken-black-angus-rind\/#breadcrumb","itemListElement":[{"@type":"ListItem","position":1,"name":"Home","item":"https:\/\/portfolio.zenkoders.com\/meat-selling\/"},{"@type":"ListItem","position":2,"name":"Shop","item":"https:\/\/portfolio.zenkoders.com\/meat-selling\/shop\/"},{"@type":"ListItem","position":3,"name":"Hohr\u00fccken (Black Angus Rind)"}]},{"@type":"WebSite","@id":"https:\/\/portfolio.zenkoders.com\/meat-selling\/#website","url":"https:\/\/portfolio.zenkoders.com\/meat-selling\/","name":"Meat Selling","description":"","potentialAction":[{"@type":"SearchAction","target":{"@type":"EntryPoint","urlTemplate":"https:\/\/portfolio.zenkoders.com\/meat-selling\/?s={search_term_string}"},"query-input":{"@type":"PropertyValueSpecification","valueRequired":true,"valueName":"search_term_string"}}],"inLanguage":"en-US"}]}},"_links":{"self":[{"href":"https:\/\/portfolio.zenkoders.com\/meat-selling\/wp-json\/wp\/v2\/product\/518","targetHints":{"allow":["GET"]}}],"collection":[{"href":"https:\/\/portfolio.zenkoders.com\/meat-selling\/wp-json\/wp\/v2\/product"}],"about":[{"href":"https:\/\/portfolio.zenkoders.com\/meat-selling\/wp-json\/wp\/v2\/types\/product"}],"replies":[{"embeddable":true,"href":"https:\/\/portfolio.zenkoders.com\/meat-selling\/wp-json\/wp\/v2\/comments?post=518"}],"wp:featuredmedia":[{"embeddable":true,"href":"https:\/\/portfolio.zenkoders.com\/meat-selling\/wp-json\/wp\/v2\/media\/747"}],"wp:attachment":[{"href":"https:\/\/portfolio.zenkoders.com\/meat-selling\/wp-json\/wp\/v2\/media?parent=518"}],"wp:term":[{"taxonomy":"product_brand","embeddable":true,"href":"https:\/\/portfolio.zenkoders.com\/meat-selling\/wp-json\/wp\/v2\/product_brand?post=518"},{"taxonomy":"product_cat","embeddable":true,"href":"https:\/\/portfolio.zenkoders.com\/meat-selling\/wp-json\/wp\/v2\/product_cat?post=518"},{"taxonomy":"product_tag","embeddable":true,"href":"https:\/\/portfolio.zenkoders.com\/meat-selling\/wp-json\/wp\/v2\/product_tag?post=518"}],"curies":[{"name":"wp","href":"https:\/\/api.w.org\/{rel}","templated":true}]}}