{"id":519,"date":"2026-01-23T10:26:39","date_gmt":"2026-01-23T10:26:39","guid":{"rendered":"https:\/\/portfolio.zenkoders.com\/meat-selling\/?post_type=product&#038;p=519"},"modified":"2026-03-02T09:35:57","modified_gmt":"2026-03-02T09:35:57","slug":"filet-black-angus-rind","status":"publish","type":"product","link":"https:\/\/portfolio.zenkoders.com\/meat-selling\/shop\/black-angus\/filet-black-angus-rind\/","title":{"rendered":"Filet (Black Angus Rind)"},"content":{"rendered":"<p>Das Filet ist das zarteste St\u00fcck des Rinds \u2013 fast fettfrei, aber dennoch aromatisch. Unser Black Angus Filet bietet durch langsames Wachstum und pr\u00e4zise Reifung ein besonderes Geschmackserlebnis: sanft, weich, fast schon cremig. F\u00fcr besondere Abende, G\u00e4ste mit Anspruch \u2013 oder einfach, wenn es perfekt sein soll.<\/p>\n<p><strong><b>Zubereitung<\/b><\/strong><br \/>\nAm St\u00fcck oder als Medaillon grillieren oder kurzbraten. Ideal sous-vide oder im Ofen fertigziehen.<\/p>\n<p><strong><b>Herkunft &amp; Besonderheiten<\/b><\/strong><br \/>\nBlack Angus aus Freilandhaltung. Von Hand zugeschnitten, 3 Wochen gereift.<\/p>\n<p><strong><b>Portionshinweis<\/b><\/strong><br \/>\n200\u2013250\u202fg pro Person. Ganze St\u00fccke f\u00fcr 3\u20134 Personen.<\/p>\n","protected":false},"excerpt":{"rendered":"<p>Das feinste St\u00fcck vom Rind \u2013 butterzart und elegant im Auftritt.<\/p>\n","protected":false},"featured_media":753,"comment_status":"open","ping_status":"closed","template":"","meta":[],"product_brand":[],"product_cat":[24],"product_tag":[52,54,56],"class_list":{"0":"post-519","1":"product","2":"type-product","3":"status-publish","4":"has-post-thumbnail","6":"product_cat-black-angus","7":"product_tag-dry-aged","8":"product_tag-schweiz","9":"product_tag-weidehaltung","11":"first","12":"instock","13":"shipping-taxable","14":"purchasable","15":"product-type-variable"},"yoast_head":"<!-- This site is optimized with the Yoast SEO plugin v27.4 - https:\/\/yoast.com\/product\/yoast-seo-wordpress\/ -->\n<title>Black Angus Filet Dry Aged Schweiz kaufen | 4 Wochen<\/title>\n<meta name=\"description\" content=\"Black Angus Filet aus Schweizer Weidehaltung kaufen. 4 Wochen dry aged, zart und saftig mit feiner Marmorierung. Direkt gek\u00fchlt zu Ihnen geliefert.\" \/>\n<meta name=\"robots\" content=\"index, follow, max-snippet:-1, max-image-preview:large, max-video-preview:-1\" \/>\n<link rel=\"canonical\" href=\"https:\/\/portfolio.zenkoders.com\/meat-selling\/shop\/black-angus\/filet-black-angus-rind\/\" \/>\n<meta property=\"og:locale\" content=\"en_US\" \/>\n<meta property=\"og:type\" content=\"article\" \/>\n<meta property=\"og:title\" content=\"Black Angus Filet Dry Aged Schweiz kaufen | 4 Wochen\" \/>\n<meta property=\"og:description\" content=\"Black Angus Filet aus Schweizer Weidehaltung kaufen. 4 Wochen dry aged, zart und saftig mit feiner Marmorierung. Direkt gek\u00fchlt zu Ihnen geliefert.\" \/>\n<meta property=\"og:url\" content=\"https:\/\/portfolio.zenkoders.com\/meat-selling\/shop\/black-angus\/filet-black-angus-rind\/\" \/>\n<meta property=\"og:site_name\" content=\"Meat Selling\" \/>\n<meta property=\"article:modified_time\" content=\"2026-03-02T09:35:57+00:00\" \/>\n<meta property=\"og:image\" content=\"https:\/\/portfolio.zenkoders.com\/meat-selling\/wp-content\/uploads\/2026\/01\/59-scaled.webp\" \/>\n\t<meta property=\"og:image:width\" content=\"2560\" \/>\n\t<meta property=\"og:image:height\" content=\"1707\" \/>\n\t<meta property=\"og:image:type\" content=\"image\/webp\" \/>\n<meta name=\"twitter:card\" content=\"summary_large_image\" \/>\n<meta name=\"twitter:label1\" content=\"Est. reading time\" \/>\n\t<meta name=\"twitter:data1\" content=\"1 minute\" \/>\n<script type=\"application\/ld+json\" class=\"yoast-schema-graph\">{\"@context\":\"https:\\\/\\\/schema.org\",\"@graph\":[{\"@type\":\"WebPage\",\"@id\":\"https:\\\/\\\/portfolio.zenkoders.com\\\/meat-selling\\\/shop\\\/black-angus\\\/filet-black-angus-rind\\\/\",\"url\":\"https:\\\/\\\/portfolio.zenkoders.com\\\/meat-selling\\\/shop\\\/black-angus\\\/filet-black-angus-rind\\\/\",\"name\":\"Black Angus Filet Dry Aged Schweiz kaufen | 4 Wochen\",\"isPartOf\":{\"@id\":\"https:\\\/\\\/portfolio.zenkoders.com\\\/meat-selling\\\/#website\"},\"primaryImageOfPage\":{\"@id\":\"https:\\\/\\\/portfolio.zenkoders.com\\\/meat-selling\\\/shop\\\/black-angus\\\/filet-black-angus-rind\\\/#primaryimage\"},\"image\":{\"@id\":\"https:\\\/\\\/portfolio.zenkoders.com\\\/meat-selling\\\/shop\\\/black-angus\\\/filet-black-angus-rind\\\/#primaryimage\"},\"thumbnailUrl\":\"https:\\\/\\\/portfolio.zenkoders.com\\\/meat-selling\\\/wp-content\\\/uploads\\\/2026\\\/01\\\/59-scaled.webp\",\"datePublished\":\"2026-01-23T10:26:39+00:00\",\"dateModified\":\"2026-03-02T09:35:57+00:00\",\"description\":\"Black Angus Filet aus Schweizer Weidehaltung kaufen. 4 Wochen dry aged, zart und saftig mit feiner Marmorierung. Direkt gek\u00fchlt zu Ihnen geliefert.\",\"breadcrumb\":{\"@id\":\"https:\\\/\\\/portfolio.zenkoders.com\\\/meat-selling\\\/shop\\\/black-angus\\\/filet-black-angus-rind\\\/#breadcrumb\"},\"inLanguage\":\"en-US\",\"potentialAction\":[{\"@type\":\"ReadAction\",\"target\":[\"https:\\\/\\\/portfolio.zenkoders.com\\\/meat-selling\\\/shop\\\/black-angus\\\/filet-black-angus-rind\\\/\"]}]},{\"@type\":\"ImageObject\",\"inLanguage\":\"en-US\",\"@id\":\"https:\\\/\\\/portfolio.zenkoders.com\\\/meat-selling\\\/shop\\\/black-angus\\\/filet-black-angus-rind\\\/#primaryimage\",\"url\":\"https:\\\/\\\/portfolio.zenkoders.com\\\/meat-selling\\\/wp-content\\\/uploads\\\/2026\\\/01\\\/59-scaled.webp\",\"contentUrl\":\"https:\\\/\\\/portfolio.zenkoders.com\\\/meat-selling\\\/wp-content\\\/uploads\\\/2026\\\/01\\\/59-scaled.webp\",\"width\":2560,\"height\":1707,\"caption\":\"Filet Black Angus Schweiz Weidehaltung kaufen\"},{\"@type\":\"BreadcrumbList\",\"@id\":\"https:\\\/\\\/portfolio.zenkoders.com\\\/meat-selling\\\/shop\\\/black-angus\\\/filet-black-angus-rind\\\/#breadcrumb\",\"itemListElement\":[{\"@type\":\"ListItem\",\"position\":1,\"name\":\"Home\",\"item\":\"https:\\\/\\\/portfolio.zenkoders.com\\\/meat-selling\\\/\"},{\"@type\":\"ListItem\",\"position\":2,\"name\":\"Shop\",\"item\":\"https:\\\/\\\/portfolio.zenkoders.com\\\/meat-selling\\\/shop\\\/\"},{\"@type\":\"ListItem\",\"position\":3,\"name\":\"Filet (Black Angus Rind)\"}]},{\"@type\":\"WebSite\",\"@id\":\"https:\\\/\\\/portfolio.zenkoders.com\\\/meat-selling\\\/#website\",\"url\":\"https:\\\/\\\/portfolio.zenkoders.com\\\/meat-selling\\\/\",\"name\":\"Meat Selling\",\"description\":\"\",\"potentialAction\":[{\"@type\":\"SearchAction\",\"target\":{\"@type\":\"EntryPoint\",\"urlTemplate\":\"https:\\\/\\\/portfolio.zenkoders.com\\\/meat-selling\\\/?s={search_term_string}\"},\"query-input\":{\"@type\":\"PropertyValueSpecification\",\"valueRequired\":true,\"valueName\":\"search_term_string\"}}],\"inLanguage\":\"en-US\"}]}<\/script>\n<!-- \/ Yoast SEO plugin. -->","yoast_head_json":{"title":"Black Angus Filet Dry Aged Schweiz kaufen | 4 Wochen","description":"Black Angus Filet aus Schweizer Weidehaltung kaufen. 4 Wochen dry aged, zart und saftig mit feiner Marmorierung. Direkt gek\u00fchlt zu Ihnen geliefert.","robots":{"index":"index","follow":"follow","max-snippet":"max-snippet:-1","max-image-preview":"max-image-preview:large","max-video-preview":"max-video-preview:-1"},"canonical":"https:\/\/portfolio.zenkoders.com\/meat-selling\/shop\/black-angus\/filet-black-angus-rind\/","og_locale":"en_US","og_type":"article","og_title":"Black Angus Filet Dry Aged Schweiz kaufen | 4 Wochen","og_description":"Black Angus Filet aus Schweizer Weidehaltung kaufen. 4 Wochen dry aged, zart und saftig mit feiner Marmorierung. Direkt gek\u00fchlt zu Ihnen geliefert.","og_url":"https:\/\/portfolio.zenkoders.com\/meat-selling\/shop\/black-angus\/filet-black-angus-rind\/","og_site_name":"Meat Selling","article_modified_time":"2026-03-02T09:35:57+00:00","og_image":[{"width":2560,"height":1707,"url":"https:\/\/portfolio.zenkoders.com\/meat-selling\/wp-content\/uploads\/2026\/01\/59-scaled.webp","type":"image\/webp"}],"twitter_card":"summary_large_image","twitter_misc":{"Est. reading time":"1 minute"},"schema":{"@context":"https:\/\/schema.org","@graph":[{"@type":"WebPage","@id":"https:\/\/portfolio.zenkoders.com\/meat-selling\/shop\/black-angus\/filet-black-angus-rind\/","url":"https:\/\/portfolio.zenkoders.com\/meat-selling\/shop\/black-angus\/filet-black-angus-rind\/","name":"Black Angus Filet Dry Aged Schweiz kaufen | 4 Wochen","isPartOf":{"@id":"https:\/\/portfolio.zenkoders.com\/meat-selling\/#website"},"primaryImageOfPage":{"@id":"https:\/\/portfolio.zenkoders.com\/meat-selling\/shop\/black-angus\/filet-black-angus-rind\/#primaryimage"},"image":{"@id":"https:\/\/portfolio.zenkoders.com\/meat-selling\/shop\/black-angus\/filet-black-angus-rind\/#primaryimage"},"thumbnailUrl":"https:\/\/portfolio.zenkoders.com\/meat-selling\/wp-content\/uploads\/2026\/01\/59-scaled.webp","datePublished":"2026-01-23T10:26:39+00:00","dateModified":"2026-03-02T09:35:57+00:00","description":"Black Angus Filet aus Schweizer Weidehaltung kaufen. 4 Wochen dry aged, zart und saftig mit feiner Marmorierung. Direkt gek\u00fchlt zu Ihnen geliefert.","breadcrumb":{"@id":"https:\/\/portfolio.zenkoders.com\/meat-selling\/shop\/black-angus\/filet-black-angus-rind\/#breadcrumb"},"inLanguage":"en-US","potentialAction":[{"@type":"ReadAction","target":["https:\/\/portfolio.zenkoders.com\/meat-selling\/shop\/black-angus\/filet-black-angus-rind\/"]}]},{"@type":"ImageObject","inLanguage":"en-US","@id":"https:\/\/portfolio.zenkoders.com\/meat-selling\/shop\/black-angus\/filet-black-angus-rind\/#primaryimage","url":"https:\/\/portfolio.zenkoders.com\/meat-selling\/wp-content\/uploads\/2026\/01\/59-scaled.webp","contentUrl":"https:\/\/portfolio.zenkoders.com\/meat-selling\/wp-content\/uploads\/2026\/01\/59-scaled.webp","width":2560,"height":1707,"caption":"Filet Black Angus Schweiz Weidehaltung kaufen"},{"@type":"BreadcrumbList","@id":"https:\/\/portfolio.zenkoders.com\/meat-selling\/shop\/black-angus\/filet-black-angus-rind\/#breadcrumb","itemListElement":[{"@type":"ListItem","position":1,"name":"Home","item":"https:\/\/portfolio.zenkoders.com\/meat-selling\/"},{"@type":"ListItem","position":2,"name":"Shop","item":"https:\/\/portfolio.zenkoders.com\/meat-selling\/shop\/"},{"@type":"ListItem","position":3,"name":"Filet (Black Angus Rind)"}]},{"@type":"WebSite","@id":"https:\/\/portfolio.zenkoders.com\/meat-selling\/#website","url":"https:\/\/portfolio.zenkoders.com\/meat-selling\/","name":"Meat Selling","description":"","potentialAction":[{"@type":"SearchAction","target":{"@type":"EntryPoint","urlTemplate":"https:\/\/portfolio.zenkoders.com\/meat-selling\/?s={search_term_string}"},"query-input":{"@type":"PropertyValueSpecification","valueRequired":true,"valueName":"search_term_string"}}],"inLanguage":"en-US"}]}},"_links":{"self":[{"href":"https:\/\/portfolio.zenkoders.com\/meat-selling\/wp-json\/wp\/v2\/product\/519","targetHints":{"allow":["GET"]}}],"collection":[{"href":"https:\/\/portfolio.zenkoders.com\/meat-selling\/wp-json\/wp\/v2\/product"}],"about":[{"href":"https:\/\/portfolio.zenkoders.com\/meat-selling\/wp-json\/wp\/v2\/types\/product"}],"replies":[{"embeddable":true,"href":"https:\/\/portfolio.zenkoders.com\/meat-selling\/wp-json\/wp\/v2\/comments?post=519"}],"wp:featuredmedia":[{"embeddable":true,"href":"https:\/\/portfolio.zenkoders.com\/meat-selling\/wp-json\/wp\/v2\/media\/753"}],"wp:attachment":[{"href":"https:\/\/portfolio.zenkoders.com\/meat-selling\/wp-json\/wp\/v2\/media?parent=519"}],"wp:term":[{"taxonomy":"product_brand","embeddable":true,"href":"https:\/\/portfolio.zenkoders.com\/meat-selling\/wp-json\/wp\/v2\/product_brand?post=519"},{"taxonomy":"product_cat","embeddable":true,"href":"https:\/\/portfolio.zenkoders.com\/meat-selling\/wp-json\/wp\/v2\/product_cat?post=519"},{"taxonomy":"product_tag","embeddable":true,"href":"https:\/\/portfolio.zenkoders.com\/meat-selling\/wp-json\/wp\/v2\/product_tag?post=519"}],"curies":[{"name":"wp","href":"https:\/\/api.w.org\/{rel}","templated":true}]}}