{"id":520,"date":"2026-01-23T10:27:25","date_gmt":"2026-01-23T10:27:25","guid":{"rendered":"https:\/\/portfolio.zenkoders.com\/meat-selling\/?post_type=product&#038;p=520"},"modified":"2026-03-02T09:35:57","modified_gmt":"2026-03-02T09:35:57","slug":"entrecote-black-angus-rind","status":"publish","type":"product","link":"https:\/\/portfolio.zenkoders.com\/meat-selling\/shop\/black-angus\/entrecote-black-angus-rind\/","title":{"rendered":"Entrec\u00f4te (Black Angus Rind)"},"content":{"rendered":"<p>Das Entrec\u00f4te liegt zwischen Hohr\u00fccken und Filet: mehr Biss als Filet, feiner als der Hohr\u00fccken. Die Marmorierung sorgt f\u00fcr Saftigkeit, das Fettauge bringt Tiefe. Ob als dicker Steakcut oder im Ganzen zum Tranchieren \u2013 das Entrec\u00f4te ist vielseitig und liefert konstant erstklassige Ergebnisse.<\/p>\n<p><strong><b>Zubereitung<\/b><\/strong><br \/>\nGrill oder Pfanne, medium gebraten bei 56\u201358\u202f\u00b0C. Ganzer Cut auch im Ofen oder Smoker.<\/p>\n<p><strong><b>Herkunft &amp; Besonderheiten<\/b><\/strong><br \/>\nBlack Angus Rind, Reifung 28+ Tage. Optimaler Zuschnitt f\u00fcr gleichm\u00e4ssiges Garen.<\/p>\n<p><strong><b>Portionshinweis<\/b><\/strong><br \/>\n200\u2013250\u202fg pro Portion, 1\u202fkg St\u00fcck f\u00fcr ca. 4 Personen.<\/p>\n","protected":false},"excerpt":{"rendered":"<p>Ein Klassiker mit Stil \u2013 kraftvoll im Aroma, zart im Biss.<\/p>\n","protected":false},"featured_media":756,"comment_status":"open","ping_status":"closed","template":"","meta":[],"product_brand":[],"product_cat":[24],"product_tag":[52,54,56],"class_list":{"0":"post-520","1":"product","2":"type-product","3":"status-publish","4":"has-post-thumbnail","6":"product_cat-black-angus","7":"product_tag-dry-aged","8":"product_tag-schweiz","9":"product_tag-weidehaltung","11":"first","12":"instock","13":"shipping-taxable","14":"purchasable","15":"product-type-variable"},"yoast_head":"<!-- This site is optimized with the Yoast SEO plugin v27.4 - https:\/\/yoast.com\/product\/yoast-seo-wordpress\/ -->\n<title>Black Angus Entrec\u00f4te Dry Aged Schweiz kaufen<\/title>\n<meta name=\"description\" content=\"Black Angus Entrec\u00f4te aus Schweizer Weidehaltung kaufen. 4 Wochen dry aged, ausgepr\u00e4gte Marmorierung, perfekt gereift. Tiefgek\u00fchlt mit Trockeneis geliefert.\" \/>\n<meta name=\"robots\" content=\"index, follow, max-snippet:-1, max-image-preview:large, max-video-preview:-1\" \/>\n<link rel=\"canonical\" href=\"https:\/\/portfolio.zenkoders.com\/meat-selling\/shop\/black-angus\/entrecote-black-angus-rind\/\" \/>\n<meta property=\"og:locale\" content=\"en_US\" \/>\n<meta property=\"og:type\" content=\"article\" \/>\n<meta property=\"og:title\" content=\"Black Angus Entrec\u00f4te Dry Aged Schweiz kaufen\" \/>\n<meta property=\"og:description\" content=\"Black Angus Entrec\u00f4te aus Schweizer Weidehaltung kaufen. 4 Wochen dry aged, ausgepr\u00e4gte Marmorierung, perfekt gereift. Tiefgek\u00fchlt mit Trockeneis geliefert.\" \/>\n<meta property=\"og:url\" content=\"https:\/\/portfolio.zenkoders.com\/meat-selling\/shop\/black-angus\/entrecote-black-angus-rind\/\" \/>\n<meta property=\"og:site_name\" content=\"Meat Selling\" \/>\n<meta property=\"article:modified_time\" content=\"2026-03-02T09:35:57+00:00\" \/>\n<meta property=\"og:image\" content=\"https:\/\/portfolio.zenkoders.com\/meat-selling\/wp-content\/uploads\/2026\/01\/65-scaled.webp\" \/>\n\t<meta property=\"og:image:width\" content=\"2560\" \/>\n\t<meta property=\"og:image:height\" content=\"1707\" \/>\n\t<meta property=\"og:image:type\" content=\"image\/webp\" \/>\n<meta name=\"twitter:card\" content=\"summary_large_image\" \/>\n<meta name=\"twitter:label1\" content=\"Est. reading time\" \/>\n\t<meta name=\"twitter:data1\" content=\"1 minute\" \/>\n<script type=\"application\/ld+json\" class=\"yoast-schema-graph\">{\"@context\":\"https:\\\/\\\/schema.org\",\"@graph\":[{\"@type\":\"WebPage\",\"@id\":\"https:\\\/\\\/portfolio.zenkoders.com\\\/meat-selling\\\/shop\\\/black-angus\\\/entrecote-black-angus-rind\\\/\",\"url\":\"https:\\\/\\\/portfolio.zenkoders.com\\\/meat-selling\\\/shop\\\/black-angus\\\/entrecote-black-angus-rind\\\/\",\"name\":\"Black Angus Entrec\u00f4te Dry Aged Schweiz kaufen\",\"isPartOf\":{\"@id\":\"https:\\\/\\\/portfolio.zenkoders.com\\\/meat-selling\\\/#website\"},\"primaryImageOfPage\":{\"@id\":\"https:\\\/\\\/portfolio.zenkoders.com\\\/meat-selling\\\/shop\\\/black-angus\\\/entrecote-black-angus-rind\\\/#primaryimage\"},\"image\":{\"@id\":\"https:\\\/\\\/portfolio.zenkoders.com\\\/meat-selling\\\/shop\\\/black-angus\\\/entrecote-black-angus-rind\\\/#primaryimage\"},\"thumbnailUrl\":\"https:\\\/\\\/portfolio.zenkoders.com\\\/meat-selling\\\/wp-content\\\/uploads\\\/2026\\\/01\\\/65-scaled.webp\",\"datePublished\":\"2026-01-23T10:27:25+00:00\",\"dateModified\":\"2026-03-02T09:35:57+00:00\",\"description\":\"Black Angus Entrec\u00f4te aus Schweizer Weidehaltung kaufen. 4 Wochen dry aged, ausgepr\u00e4gte Marmorierung, perfekt gereift. Tiefgek\u00fchlt mit Trockeneis geliefert.\",\"breadcrumb\":{\"@id\":\"https:\\\/\\\/portfolio.zenkoders.com\\\/meat-selling\\\/shop\\\/black-angus\\\/entrecote-black-angus-rind\\\/#breadcrumb\"},\"inLanguage\":\"en-US\",\"potentialAction\":[{\"@type\":\"ReadAction\",\"target\":[\"https:\\\/\\\/portfolio.zenkoders.com\\\/meat-selling\\\/shop\\\/black-angus\\\/entrecote-black-angus-rind\\\/\"]}]},{\"@type\":\"ImageObject\",\"inLanguage\":\"en-US\",\"@id\":\"https:\\\/\\\/portfolio.zenkoders.com\\\/meat-selling\\\/shop\\\/black-angus\\\/entrecote-black-angus-rind\\\/#primaryimage\",\"url\":\"https:\\\/\\\/portfolio.zenkoders.com\\\/meat-selling\\\/wp-content\\\/uploads\\\/2026\\\/01\\\/65-scaled.webp\",\"contentUrl\":\"https:\\\/\\\/portfolio.zenkoders.com\\\/meat-selling\\\/wp-content\\\/uploads\\\/2026\\\/01\\\/65-scaled.webp\",\"width\":2560,\"height\":1707,\"caption\":\"Entrec\u00f4te Black Angus Schweiz Weidehaltung kaufen\"},{\"@type\":\"BreadcrumbList\",\"@id\":\"https:\\\/\\\/portfolio.zenkoders.com\\\/meat-selling\\\/shop\\\/black-angus\\\/entrecote-black-angus-rind\\\/#breadcrumb\",\"itemListElement\":[{\"@type\":\"ListItem\",\"position\":1,\"name\":\"Home\",\"item\":\"https:\\\/\\\/portfolio.zenkoders.com\\\/meat-selling\\\/\"},{\"@type\":\"ListItem\",\"position\":2,\"name\":\"Shop\",\"item\":\"https:\\\/\\\/portfolio.zenkoders.com\\\/meat-selling\\\/shop\\\/\"},{\"@type\":\"ListItem\",\"position\":3,\"name\":\"Entrec\u00f4te (Black Angus Rind)\"}]},{\"@type\":\"WebSite\",\"@id\":\"https:\\\/\\\/portfolio.zenkoders.com\\\/meat-selling\\\/#website\",\"url\":\"https:\\\/\\\/portfolio.zenkoders.com\\\/meat-selling\\\/\",\"name\":\"Meat Selling\",\"description\":\"\",\"potentialAction\":[{\"@type\":\"SearchAction\",\"target\":{\"@type\":\"EntryPoint\",\"urlTemplate\":\"https:\\\/\\\/portfolio.zenkoders.com\\\/meat-selling\\\/?s={search_term_string}\"},\"query-input\":{\"@type\":\"PropertyValueSpecification\",\"valueRequired\":true,\"valueName\":\"search_term_string\"}}],\"inLanguage\":\"en-US\"}]}<\/script>\n<!-- \/ Yoast SEO plugin. -->","yoast_head_json":{"title":"Black Angus Entrec\u00f4te Dry Aged Schweiz kaufen","description":"Black Angus Entrec\u00f4te aus Schweizer Weidehaltung kaufen. 4 Wochen dry aged, ausgepr\u00e4gte Marmorierung, perfekt gereift. Tiefgek\u00fchlt mit Trockeneis geliefert.","robots":{"index":"index","follow":"follow","max-snippet":"max-snippet:-1","max-image-preview":"max-image-preview:large","max-video-preview":"max-video-preview:-1"},"canonical":"https:\/\/portfolio.zenkoders.com\/meat-selling\/shop\/black-angus\/entrecote-black-angus-rind\/","og_locale":"en_US","og_type":"article","og_title":"Black Angus Entrec\u00f4te Dry Aged Schweiz kaufen","og_description":"Black Angus Entrec\u00f4te aus Schweizer Weidehaltung kaufen. 4 Wochen dry aged, ausgepr\u00e4gte Marmorierung, perfekt gereift. Tiefgek\u00fchlt mit Trockeneis geliefert.","og_url":"https:\/\/portfolio.zenkoders.com\/meat-selling\/shop\/black-angus\/entrecote-black-angus-rind\/","og_site_name":"Meat Selling","article_modified_time":"2026-03-02T09:35:57+00:00","og_image":[{"width":2560,"height":1707,"url":"https:\/\/portfolio.zenkoders.com\/meat-selling\/wp-content\/uploads\/2026\/01\/65-scaled.webp","type":"image\/webp"}],"twitter_card":"summary_large_image","twitter_misc":{"Est. reading time":"1 minute"},"schema":{"@context":"https:\/\/schema.org","@graph":[{"@type":"WebPage","@id":"https:\/\/portfolio.zenkoders.com\/meat-selling\/shop\/black-angus\/entrecote-black-angus-rind\/","url":"https:\/\/portfolio.zenkoders.com\/meat-selling\/shop\/black-angus\/entrecote-black-angus-rind\/","name":"Black Angus Entrec\u00f4te Dry Aged Schweiz kaufen","isPartOf":{"@id":"https:\/\/portfolio.zenkoders.com\/meat-selling\/#website"},"primaryImageOfPage":{"@id":"https:\/\/portfolio.zenkoders.com\/meat-selling\/shop\/black-angus\/entrecote-black-angus-rind\/#primaryimage"},"image":{"@id":"https:\/\/portfolio.zenkoders.com\/meat-selling\/shop\/black-angus\/entrecote-black-angus-rind\/#primaryimage"},"thumbnailUrl":"https:\/\/portfolio.zenkoders.com\/meat-selling\/wp-content\/uploads\/2026\/01\/65-scaled.webp","datePublished":"2026-01-23T10:27:25+00:00","dateModified":"2026-03-02T09:35:57+00:00","description":"Black Angus Entrec\u00f4te aus Schweizer Weidehaltung kaufen. 4 Wochen dry aged, ausgepr\u00e4gte Marmorierung, perfekt gereift. Tiefgek\u00fchlt mit Trockeneis geliefert.","breadcrumb":{"@id":"https:\/\/portfolio.zenkoders.com\/meat-selling\/shop\/black-angus\/entrecote-black-angus-rind\/#breadcrumb"},"inLanguage":"en-US","potentialAction":[{"@type":"ReadAction","target":["https:\/\/portfolio.zenkoders.com\/meat-selling\/shop\/black-angus\/entrecote-black-angus-rind\/"]}]},{"@type":"ImageObject","inLanguage":"en-US","@id":"https:\/\/portfolio.zenkoders.com\/meat-selling\/shop\/black-angus\/entrecote-black-angus-rind\/#primaryimage","url":"https:\/\/portfolio.zenkoders.com\/meat-selling\/wp-content\/uploads\/2026\/01\/65-scaled.webp","contentUrl":"https:\/\/portfolio.zenkoders.com\/meat-selling\/wp-content\/uploads\/2026\/01\/65-scaled.webp","width":2560,"height":1707,"caption":"Entrec\u00f4te Black Angus Schweiz Weidehaltung kaufen"},{"@type":"BreadcrumbList","@id":"https:\/\/portfolio.zenkoders.com\/meat-selling\/shop\/black-angus\/entrecote-black-angus-rind\/#breadcrumb","itemListElement":[{"@type":"ListItem","position":1,"name":"Home","item":"https:\/\/portfolio.zenkoders.com\/meat-selling\/"},{"@type":"ListItem","position":2,"name":"Shop","item":"https:\/\/portfolio.zenkoders.com\/meat-selling\/shop\/"},{"@type":"ListItem","position":3,"name":"Entrec\u00f4te (Black Angus Rind)"}]},{"@type":"WebSite","@id":"https:\/\/portfolio.zenkoders.com\/meat-selling\/#website","url":"https:\/\/portfolio.zenkoders.com\/meat-selling\/","name":"Meat Selling","description":"","potentialAction":[{"@type":"SearchAction","target":{"@type":"EntryPoint","urlTemplate":"https:\/\/portfolio.zenkoders.com\/meat-selling\/?s={search_term_string}"},"query-input":{"@type":"PropertyValueSpecification","valueRequired":true,"valueName":"search_term_string"}}],"inLanguage":"en-US"}]}},"_links":{"self":[{"href":"https:\/\/portfolio.zenkoders.com\/meat-selling\/wp-json\/wp\/v2\/product\/520","targetHints":{"allow":["GET"]}}],"collection":[{"href":"https:\/\/portfolio.zenkoders.com\/meat-selling\/wp-json\/wp\/v2\/product"}],"about":[{"href":"https:\/\/portfolio.zenkoders.com\/meat-selling\/wp-json\/wp\/v2\/types\/product"}],"replies":[{"embeddable":true,"href":"https:\/\/portfolio.zenkoders.com\/meat-selling\/wp-json\/wp\/v2\/comments?post=520"}],"wp:featuredmedia":[{"embeddable":true,"href":"https:\/\/portfolio.zenkoders.com\/meat-selling\/wp-json\/wp\/v2\/media\/756"}],"wp:attachment":[{"href":"https:\/\/portfolio.zenkoders.com\/meat-selling\/wp-json\/wp\/v2\/media?parent=520"}],"wp:term":[{"taxonomy":"product_brand","embeddable":true,"href":"https:\/\/portfolio.zenkoders.com\/meat-selling\/wp-json\/wp\/v2\/product_brand?post=520"},{"taxonomy":"product_cat","embeddable":true,"href":"https:\/\/portfolio.zenkoders.com\/meat-selling\/wp-json\/wp\/v2\/product_cat?post=520"},{"taxonomy":"product_tag","embeddable":true,"href":"https:\/\/portfolio.zenkoders.com\/meat-selling\/wp-json\/wp\/v2\/product_tag?post=520"}],"curies":[{"name":"wp","href":"https:\/\/api.w.org\/{rel}","templated":true}]}}