{"id":527,"date":"2026-01-23T10:52:39","date_gmt":"2026-01-23T10:52:39","guid":{"rendered":"https:\/\/portfolio.zenkoders.com\/meat-selling\/?post_type=product&#038;p=527"},"modified":"2026-03-02T10:31:55","modified_gmt":"2026-03-02T10:31:55","slug":"sushi-reis","status":"publish","type":"product","link":"https:\/\/portfolio.zenkoders.com\/meat-selling\/shop\/sushi-zubehor\/sushi-reis\/","title":{"rendered":"Sushi Reis"},"content":{"rendered":"<p>Unser Sushi-Reis ist speziell f\u00fcr die Zubereitung von Nigiri, Maki oder Bowls geeignet. Er bleibt nach dem Garen kompakt, klebt leicht und nimmt die typische W\u00fcrzmischung aus Reisessig, Zucker und Salz optimal auf. Ein Must-have f\u00fcr alle, die Sushi zu Hause auf authentischem Niveau zubereiten wollen.<\/p>\n<p><strong><b>Zubereitung<\/b><\/strong><br \/>\nWaschen, kochen, abk\u00fchlen und mit Sushi-Essig abschmecken.<\/p>\n<p><strong><b>Herkunft &amp; Besonderheiten<\/b><\/strong><br \/>\nJapanischer Kurzkornreis. Verpackt und gepr\u00fcft in der Schweiz.<\/p>\n<p><strong><b>Portionshinweis<\/b><\/strong><br \/>\n500\u202fg ergeben ca. 1\u202fkg fertigen Reis \u2013 ausreichend f\u00fcr 3\u20134 Sushi-Portionen.<\/p>\n","protected":false},"excerpt":{"rendered":"<p>Die Grundlage f\u00fcr echtes Sushi \u2013 klebrig, formbar, perfekt in Textur.<\/p>\n","protected":false},"featured_media":1091,"comment_status":"open","ping_status":"closed","template":"","meta":[],"product_brand":[],"product_cat":[42],"product_tag":[54],"class_list":{"0":"post-527","1":"product","2":"type-product","3":"status-publish","4":"has-post-thumbnail","6":"product_cat-sushi-zubehor","7":"product_tag-schweiz","9":"first","10":"instock","11":"shipping-taxable","12":"purchasable","13":"product-type-variable"},"yoast_head":"<!-- This site is optimized with the Yoast SEO plugin v27.4 - https:\/\/yoast.com\/product\/yoast-seo-wordpress\/ -->\n<title>Sushi Reis kaufen | Japanische Qualit\u00e4t online<\/title>\n<meta name=\"description\" content=\"Japanischen Sushi Reis online kaufen. Perfekte Klebrigkeit und Qualit\u00e4t f\u00fcr selbstgemachtes Sushi \u2013 direkt zu Ihnen nach Hause geliefert.\" \/>\n<meta name=\"robots\" content=\"index, follow, max-snippet:-1, max-image-preview:large, max-video-preview:-1\" \/>\n<link rel=\"canonical\" href=\"https:\/\/portfolio.zenkoders.com\/meat-selling\/shop\/sushi-zubehor\/sushi-reis\/\" \/>\n<meta property=\"og:locale\" content=\"en_US\" \/>\n<meta property=\"og:type\" content=\"article\" \/>\n<meta property=\"og:title\" content=\"Sushi Reis kaufen | Japanische Qualit\u00e4t online\" \/>\n<meta property=\"og:description\" content=\"Japanischen Sushi Reis online kaufen. Perfekte Klebrigkeit und Qualit\u00e4t f\u00fcr selbstgemachtes Sushi \u2013 direkt zu Ihnen nach Hause geliefert.\" \/>\n<meta property=\"og:url\" content=\"https:\/\/portfolio.zenkoders.com\/meat-selling\/shop\/sushi-zubehor\/sushi-reis\/\" \/>\n<meta property=\"og:site_name\" content=\"Meat Selling\" \/>\n<meta property=\"article:modified_time\" content=\"2026-03-02T10:31:55+00:00\" \/>\n<meta property=\"og:image\" content=\"https:\/\/portfolio.zenkoders.com\/meat-selling\/wp-content\/uploads\/2026\/01\/132new-scaled-1.webp\" \/>\n\t<meta property=\"og:image:width\" content=\"2560\" \/>\n\t<meta property=\"og:image:height\" content=\"1707\" \/>\n\t<meta property=\"og:image:type\" content=\"image\/webp\" \/>\n<meta name=\"twitter:card\" content=\"summary_large_image\" \/>\n<meta name=\"twitter:label1\" content=\"Est. reading time\" \/>\n\t<meta name=\"twitter:data1\" content=\"1 minute\" \/>\n<script type=\"application\/ld+json\" class=\"yoast-schema-graph\">{\"@context\":\"https:\\\/\\\/schema.org\",\"@graph\":[{\"@type\":\"WebPage\",\"@id\":\"https:\\\/\\\/portfolio.zenkoders.com\\\/meat-selling\\\/shop\\\/sushi-zubehor\\\/sushi-reis\\\/\",\"url\":\"https:\\\/\\\/portfolio.zenkoders.com\\\/meat-selling\\\/shop\\\/sushi-zubehor\\\/sushi-reis\\\/\",\"name\":\"Sushi Reis kaufen | Japanische Qualit\u00e4t online\",\"isPartOf\":{\"@id\":\"https:\\\/\\\/portfolio.zenkoders.com\\\/meat-selling\\\/#website\"},\"primaryImageOfPage\":{\"@id\":\"https:\\\/\\\/portfolio.zenkoders.com\\\/meat-selling\\\/shop\\\/sushi-zubehor\\\/sushi-reis\\\/#primaryimage\"},\"image\":{\"@id\":\"https:\\\/\\\/portfolio.zenkoders.com\\\/meat-selling\\\/shop\\\/sushi-zubehor\\\/sushi-reis\\\/#primaryimage\"},\"thumbnailUrl\":\"https:\\\/\\\/portfolio.zenkoders.com\\\/meat-selling\\\/wp-content\\\/uploads\\\/2026\\\/01\\\/132new-scaled-1.webp\",\"datePublished\":\"2026-01-23T10:52:39+00:00\",\"dateModified\":\"2026-03-02T10:31:55+00:00\",\"description\":\"Japanischen Sushi Reis online kaufen. Perfekte Klebrigkeit und Qualit\u00e4t f\u00fcr selbstgemachtes Sushi \u2013 direkt zu Ihnen nach Hause geliefert.\",\"breadcrumb\":{\"@id\":\"https:\\\/\\\/portfolio.zenkoders.com\\\/meat-selling\\\/shop\\\/sushi-zubehor\\\/sushi-reis\\\/#breadcrumb\"},\"inLanguage\":\"en-US\",\"potentialAction\":[{\"@type\":\"ReadAction\",\"target\":[\"https:\\\/\\\/portfolio.zenkoders.com\\\/meat-selling\\\/shop\\\/sushi-zubehor\\\/sushi-reis\\\/\"]}]},{\"@type\":\"ImageObject\",\"inLanguage\":\"en-US\",\"@id\":\"https:\\\/\\\/portfolio.zenkoders.com\\\/meat-selling\\\/shop\\\/sushi-zubehor\\\/sushi-reis\\\/#primaryimage\",\"url\":\"https:\\\/\\\/portfolio.zenkoders.com\\\/meat-selling\\\/wp-content\\\/uploads\\\/2026\\\/01\\\/132new-scaled-1.webp\",\"contentUrl\":\"https:\\\/\\\/portfolio.zenkoders.com\\\/meat-selling\\\/wp-content\\\/uploads\\\/2026\\\/01\\\/132new-scaled-1.webp\",\"width\":2560,\"height\":1707,\"caption\":\"Akami Bluefin Tuna Schweiz kaufen\"},{\"@type\":\"BreadcrumbList\",\"@id\":\"https:\\\/\\\/portfolio.zenkoders.com\\\/meat-selling\\\/shop\\\/sushi-zubehor\\\/sushi-reis\\\/#breadcrumb\",\"itemListElement\":[{\"@type\":\"ListItem\",\"position\":1,\"name\":\"Home\",\"item\":\"https:\\\/\\\/portfolio.zenkoders.com\\\/meat-selling\\\/\"},{\"@type\":\"ListItem\",\"position\":2,\"name\":\"Shop\",\"item\":\"https:\\\/\\\/portfolio.zenkoders.com\\\/meat-selling\\\/shop\\\/\"},{\"@type\":\"ListItem\",\"position\":3,\"name\":\"Sushi Reis\"}]},{\"@type\":\"WebSite\",\"@id\":\"https:\\\/\\\/portfolio.zenkoders.com\\\/meat-selling\\\/#website\",\"url\":\"https:\\\/\\\/portfolio.zenkoders.com\\\/meat-selling\\\/\",\"name\":\"Meat Selling\",\"description\":\"\",\"potentialAction\":[{\"@type\":\"SearchAction\",\"target\":{\"@type\":\"EntryPoint\",\"urlTemplate\":\"https:\\\/\\\/portfolio.zenkoders.com\\\/meat-selling\\\/?s={search_term_string}\"},\"query-input\":{\"@type\":\"PropertyValueSpecification\",\"valueRequired\":true,\"valueName\":\"search_term_string\"}}],\"inLanguage\":\"en-US\"}]}<\/script>\n<!-- \/ Yoast SEO plugin. -->","yoast_head_json":{"title":"Sushi Reis kaufen | Japanische Qualit\u00e4t online","description":"Japanischen Sushi Reis online kaufen. Perfekte Klebrigkeit und Qualit\u00e4t f\u00fcr selbstgemachtes Sushi \u2013 direkt zu Ihnen nach Hause geliefert.","robots":{"index":"index","follow":"follow","max-snippet":"max-snippet:-1","max-image-preview":"max-image-preview:large","max-video-preview":"max-video-preview:-1"},"canonical":"https:\/\/portfolio.zenkoders.com\/meat-selling\/shop\/sushi-zubehor\/sushi-reis\/","og_locale":"en_US","og_type":"article","og_title":"Sushi Reis kaufen | Japanische Qualit\u00e4t online","og_description":"Japanischen Sushi Reis online kaufen. Perfekte Klebrigkeit und Qualit\u00e4t f\u00fcr selbstgemachtes Sushi \u2013 direkt zu Ihnen nach Hause geliefert.","og_url":"https:\/\/portfolio.zenkoders.com\/meat-selling\/shop\/sushi-zubehor\/sushi-reis\/","og_site_name":"Meat Selling","article_modified_time":"2026-03-02T10:31:55+00:00","og_image":[{"width":2560,"height":1707,"url":"https:\/\/portfolio.zenkoders.com\/meat-selling\/wp-content\/uploads\/2026\/01\/132new-scaled-1.webp","type":"image\/webp"}],"twitter_card":"summary_large_image","twitter_misc":{"Est. reading time":"1 minute"},"schema":{"@context":"https:\/\/schema.org","@graph":[{"@type":"WebPage","@id":"https:\/\/portfolio.zenkoders.com\/meat-selling\/shop\/sushi-zubehor\/sushi-reis\/","url":"https:\/\/portfolio.zenkoders.com\/meat-selling\/shop\/sushi-zubehor\/sushi-reis\/","name":"Sushi Reis kaufen | Japanische Qualit\u00e4t online","isPartOf":{"@id":"https:\/\/portfolio.zenkoders.com\/meat-selling\/#website"},"primaryImageOfPage":{"@id":"https:\/\/portfolio.zenkoders.com\/meat-selling\/shop\/sushi-zubehor\/sushi-reis\/#primaryimage"},"image":{"@id":"https:\/\/portfolio.zenkoders.com\/meat-selling\/shop\/sushi-zubehor\/sushi-reis\/#primaryimage"},"thumbnailUrl":"https:\/\/portfolio.zenkoders.com\/meat-selling\/wp-content\/uploads\/2026\/01\/132new-scaled-1.webp","datePublished":"2026-01-23T10:52:39+00:00","dateModified":"2026-03-02T10:31:55+00:00","description":"Japanischen Sushi Reis online kaufen. Perfekte Klebrigkeit und Qualit\u00e4t f\u00fcr selbstgemachtes Sushi \u2013 direkt zu Ihnen nach Hause geliefert.","breadcrumb":{"@id":"https:\/\/portfolio.zenkoders.com\/meat-selling\/shop\/sushi-zubehor\/sushi-reis\/#breadcrumb"},"inLanguage":"en-US","potentialAction":[{"@type":"ReadAction","target":["https:\/\/portfolio.zenkoders.com\/meat-selling\/shop\/sushi-zubehor\/sushi-reis\/"]}]},{"@type":"ImageObject","inLanguage":"en-US","@id":"https:\/\/portfolio.zenkoders.com\/meat-selling\/shop\/sushi-zubehor\/sushi-reis\/#primaryimage","url":"https:\/\/portfolio.zenkoders.com\/meat-selling\/wp-content\/uploads\/2026\/01\/132new-scaled-1.webp","contentUrl":"https:\/\/portfolio.zenkoders.com\/meat-selling\/wp-content\/uploads\/2026\/01\/132new-scaled-1.webp","width":2560,"height":1707,"caption":"Akami Bluefin Tuna Schweiz kaufen"},{"@type":"BreadcrumbList","@id":"https:\/\/portfolio.zenkoders.com\/meat-selling\/shop\/sushi-zubehor\/sushi-reis\/#breadcrumb","itemListElement":[{"@type":"ListItem","position":1,"name":"Home","item":"https:\/\/portfolio.zenkoders.com\/meat-selling\/"},{"@type":"ListItem","position":2,"name":"Shop","item":"https:\/\/portfolio.zenkoders.com\/meat-selling\/shop\/"},{"@type":"ListItem","position":3,"name":"Sushi Reis"}]},{"@type":"WebSite","@id":"https:\/\/portfolio.zenkoders.com\/meat-selling\/#website","url":"https:\/\/portfolio.zenkoders.com\/meat-selling\/","name":"Meat Selling","description":"","potentialAction":[{"@type":"SearchAction","target":{"@type":"EntryPoint","urlTemplate":"https:\/\/portfolio.zenkoders.com\/meat-selling\/?s={search_term_string}"},"query-input":{"@type":"PropertyValueSpecification","valueRequired":true,"valueName":"search_term_string"}}],"inLanguage":"en-US"}]}},"_links":{"self":[{"href":"https:\/\/portfolio.zenkoders.com\/meat-selling\/wp-json\/wp\/v2\/product\/527","targetHints":{"allow":["GET"]}}],"collection":[{"href":"https:\/\/portfolio.zenkoders.com\/meat-selling\/wp-json\/wp\/v2\/product"}],"about":[{"href":"https:\/\/portfolio.zenkoders.com\/meat-selling\/wp-json\/wp\/v2\/types\/product"}],"replies":[{"embeddable":true,"href":"https:\/\/portfolio.zenkoders.com\/meat-selling\/wp-json\/wp\/v2\/comments?post=527"}],"wp:featuredmedia":[{"embeddable":true,"href":"https:\/\/portfolio.zenkoders.com\/meat-selling\/wp-json\/wp\/v2\/media\/1091"}],"wp:attachment":[{"href":"https:\/\/portfolio.zenkoders.com\/meat-selling\/wp-json\/wp\/v2\/media?parent=527"}],"wp:term":[{"taxonomy":"product_brand","embeddable":true,"href":"https:\/\/portfolio.zenkoders.com\/meat-selling\/wp-json\/wp\/v2\/product_brand?post=527"},{"taxonomy":"product_cat","embeddable":true,"href":"https:\/\/portfolio.zenkoders.com\/meat-selling\/wp-json\/wp\/v2\/product_cat?post=527"},{"taxonomy":"product_tag","embeddable":true,"href":"https:\/\/portfolio.zenkoders.com\/meat-selling\/wp-json\/wp\/v2\/product_tag?post=527"}],"curies":[{"name":"wp","href":"https:\/\/api.w.org\/{rel}","templated":true}]}}