{"id":530,"date":"2026-01-23T10:56:31","date_gmt":"2026-01-23T10:56:31","guid":{"rendered":"https:\/\/portfolio.zenkoders.com\/meat-selling\/?post_type=product&#038;p=530"},"modified":"2026-03-02T09:36:34","modified_gmt":"2026-03-02T09:36:34","slug":"lamm-gigot","status":"publish","type":"product","link":"https:\/\/portfolio.zenkoders.com\/meat-selling\/shop\/bio-lamm\/lamm-gigot\/","title":{"rendered":"Lamm Gigot"},"content":{"rendered":"<p>Das Gigot \u2013 also die Lammkeule \u2013 ist ideal f\u00fcr langsames Garen im Ofen oder Smoker. Der Knochen bringt Tiefe ins Aroma, die Reifung sorgt f\u00fcr m\u00fcrbe Textur. Ob mit Rosmarin, Knoblauch und Zitrone oder klassisch mit Rotwein: Dieses St\u00fcck bringt festliche Stimmung auf den Tisch \u2013 nicht nur zu Ostern.<\/p>\n<p><strong><b>Zubereitung<\/b><\/strong><br \/>\nOfen, Smoker oder Niedergaren \u2013 je nach Methode 2 bis 4 Stunden.<\/p>\n<p><strong><b>Herkunft &amp; Besonderheiten<\/b><\/strong><br \/>\nAus kontrollierter Aufzucht, 14 Tage gereift. Mit Knochen \u2013 f\u00fcr maximalen Geschmack.<\/p>\n<p><strong><b>Portionshinweis<\/b><\/strong><br \/>\n1.8\u202fkg reichen f\u00fcr 4\u20136 Personen.<\/p>\n","protected":false},"excerpt":{"rendered":"<p>Der Klassiker f\u00fcr den Ofen \u2013 kr\u00e4ftig im Geschmack, butterzart beim Aufschneiden.<\/p>\n","protected":false},"featured_media":782,"comment_status":"open","ping_status":"closed","template":"","meta":[],"product_brand":[],"product_cat":[25],"product_tag":[57,54],"class_list":{"0":"post-530","1":"product","2":"type-product","3":"status-publish","4":"has-post-thumbnail","6":"product_cat-bio-lamm","7":"product_tag-bio","8":"product_tag-schweiz","10":"first","11":"instock","12":"shipping-taxable","13":"purchasable","14":"product-type-variable"},"yoast_head":"<!-- This site is optimized with the Yoast SEO plugin v27.4 - https:\/\/yoast.com\/product\/yoast-seo-wordpress\/ -->\n<title>Bio Lamm Gigot Schweiz kaufen | 2 Wochen gereift<\/title>\n<meta name=\"description\" content=\"Bio Lammgigot aus Schweizer Aufzucht kaufen. 2 Wochen gereift, saftig und aromatisch \u2013 ideal f\u00fcr festliche Mahlzeiten. Tiefgek\u00fchlt mit Trockeneis geliefert.\" \/>\n<meta name=\"robots\" content=\"index, follow, max-snippet:-1, max-image-preview:large, max-video-preview:-1\" \/>\n<link rel=\"canonical\" href=\"https:\/\/portfolio.zenkoders.com\/meat-selling\/shop\/bio-lamm\/lamm-gigot\/\" \/>\n<meta property=\"og:locale\" content=\"en_US\" \/>\n<meta property=\"og:type\" content=\"article\" \/>\n<meta property=\"og:title\" content=\"Bio Lamm Gigot Schweiz kaufen | 2 Wochen gereift\" \/>\n<meta property=\"og:description\" content=\"Bio Lammgigot aus Schweizer Aufzucht kaufen. 2 Wochen gereift, saftig und aromatisch \u2013 ideal f\u00fcr festliche Mahlzeiten. Tiefgek\u00fchlt mit Trockeneis geliefert.\" \/>\n<meta property=\"og:url\" content=\"https:\/\/portfolio.zenkoders.com\/meat-selling\/shop\/bio-lamm\/lamm-gigot\/\" \/>\n<meta property=\"og:site_name\" content=\"Meat Selling\" \/>\n<meta property=\"article:modified_time\" content=\"2026-03-02T09:36:34+00:00\" \/>\n<meta property=\"og:image\" content=\"https:\/\/portfolio.zenkoders.com\/meat-selling\/wp-content\/uploads\/2026\/01\/90-scaled.webp\" \/>\n\t<meta property=\"og:image:width\" content=\"2560\" \/>\n\t<meta property=\"og:image:height\" content=\"1707\" \/>\n\t<meta property=\"og:image:type\" content=\"image\/webp\" \/>\n<meta name=\"twitter:card\" content=\"summary_large_image\" \/>\n<meta name=\"twitter:label1\" content=\"Est. reading time\" \/>\n\t<meta name=\"twitter:data1\" content=\"1 minute\" \/>\n<script type=\"application\/ld+json\" class=\"yoast-schema-graph\">{\"@context\":\"https:\\\/\\\/schema.org\",\"@graph\":[{\"@type\":\"WebPage\",\"@id\":\"https:\\\/\\\/portfolio.zenkoders.com\\\/meat-selling\\\/shop\\\/bio-lamm\\\/lamm-gigot\\\/\",\"url\":\"https:\\\/\\\/portfolio.zenkoders.com\\\/meat-selling\\\/shop\\\/bio-lamm\\\/lamm-gigot\\\/\",\"name\":\"Bio Lamm Gigot Schweiz kaufen | 2 Wochen gereift\",\"isPartOf\":{\"@id\":\"https:\\\/\\\/portfolio.zenkoders.com\\\/meat-selling\\\/#website\"},\"primaryImageOfPage\":{\"@id\":\"https:\\\/\\\/portfolio.zenkoders.com\\\/meat-selling\\\/shop\\\/bio-lamm\\\/lamm-gigot\\\/#primaryimage\"},\"image\":{\"@id\":\"https:\\\/\\\/portfolio.zenkoders.com\\\/meat-selling\\\/shop\\\/bio-lamm\\\/lamm-gigot\\\/#primaryimage\"},\"thumbnailUrl\":\"https:\\\/\\\/portfolio.zenkoders.com\\\/meat-selling\\\/wp-content\\\/uploads\\\/2026\\\/01\\\/90-scaled.webp\",\"datePublished\":\"2026-01-23T10:56:31+00:00\",\"dateModified\":\"2026-03-02T09:36:34+00:00\",\"description\":\"Bio Lammgigot aus Schweizer Aufzucht kaufen. 2 Wochen gereift, saftig und aromatisch \u2013 ideal f\u00fcr festliche Mahlzeiten. Tiefgek\u00fchlt mit Trockeneis geliefert.\",\"breadcrumb\":{\"@id\":\"https:\\\/\\\/portfolio.zenkoders.com\\\/meat-selling\\\/shop\\\/bio-lamm\\\/lamm-gigot\\\/#breadcrumb\"},\"inLanguage\":\"en-US\",\"potentialAction\":[{\"@type\":\"ReadAction\",\"target\":[\"https:\\\/\\\/portfolio.zenkoders.com\\\/meat-selling\\\/shop\\\/bio-lamm\\\/lamm-gigot\\\/\"]}]},{\"@type\":\"ImageObject\",\"inLanguage\":\"en-US\",\"@id\":\"https:\\\/\\\/portfolio.zenkoders.com\\\/meat-selling\\\/shop\\\/bio-lamm\\\/lamm-gigot\\\/#primaryimage\",\"url\":\"https:\\\/\\\/portfolio.zenkoders.com\\\/meat-selling\\\/wp-content\\\/uploads\\\/2026\\\/01\\\/90-scaled.webp\",\"contentUrl\":\"https:\\\/\\\/portfolio.zenkoders.com\\\/meat-selling\\\/wp-content\\\/uploads\\\/2026\\\/01\\\/90-scaled.webp\",\"width\":2560,\"height\":1707,\"caption\":\"Gigot Lamm Schweiz Bio kaufen\"},{\"@type\":\"BreadcrumbList\",\"@id\":\"https:\\\/\\\/portfolio.zenkoders.com\\\/meat-selling\\\/shop\\\/bio-lamm\\\/lamm-gigot\\\/#breadcrumb\",\"itemListElement\":[{\"@type\":\"ListItem\",\"position\":1,\"name\":\"Home\",\"item\":\"https:\\\/\\\/portfolio.zenkoders.com\\\/meat-selling\\\/\"},{\"@type\":\"ListItem\",\"position\":2,\"name\":\"Shop\",\"item\":\"https:\\\/\\\/portfolio.zenkoders.com\\\/meat-selling\\\/shop\\\/\"},{\"@type\":\"ListItem\",\"position\":3,\"name\":\"Lamm Gigot\"}]},{\"@type\":\"WebSite\",\"@id\":\"https:\\\/\\\/portfolio.zenkoders.com\\\/meat-selling\\\/#website\",\"url\":\"https:\\\/\\\/portfolio.zenkoders.com\\\/meat-selling\\\/\",\"name\":\"Meat Selling\",\"description\":\"\",\"potentialAction\":[{\"@type\":\"SearchAction\",\"target\":{\"@type\":\"EntryPoint\",\"urlTemplate\":\"https:\\\/\\\/portfolio.zenkoders.com\\\/meat-selling\\\/?s={search_term_string}\"},\"query-input\":{\"@type\":\"PropertyValueSpecification\",\"valueRequired\":true,\"valueName\":\"search_term_string\"}}],\"inLanguage\":\"en-US\"}]}<\/script>\n<!-- \/ Yoast SEO plugin. -->","yoast_head_json":{"title":"Bio Lamm Gigot Schweiz kaufen | 2 Wochen gereift","description":"Bio Lammgigot aus Schweizer Aufzucht kaufen. 2 Wochen gereift, saftig und aromatisch \u2013 ideal f\u00fcr festliche Mahlzeiten. Tiefgek\u00fchlt mit Trockeneis geliefert.","robots":{"index":"index","follow":"follow","max-snippet":"max-snippet:-1","max-image-preview":"max-image-preview:large","max-video-preview":"max-video-preview:-1"},"canonical":"https:\/\/portfolio.zenkoders.com\/meat-selling\/shop\/bio-lamm\/lamm-gigot\/","og_locale":"en_US","og_type":"article","og_title":"Bio Lamm Gigot Schweiz kaufen | 2 Wochen gereift","og_description":"Bio Lammgigot aus Schweizer Aufzucht kaufen. 2 Wochen gereift, saftig und aromatisch \u2013 ideal f\u00fcr festliche Mahlzeiten. Tiefgek\u00fchlt mit Trockeneis geliefert.","og_url":"https:\/\/portfolio.zenkoders.com\/meat-selling\/shop\/bio-lamm\/lamm-gigot\/","og_site_name":"Meat Selling","article_modified_time":"2026-03-02T09:36:34+00:00","og_image":[{"width":2560,"height":1707,"url":"https:\/\/portfolio.zenkoders.com\/meat-selling\/wp-content\/uploads\/2026\/01\/90-scaled.webp","type":"image\/webp"}],"twitter_card":"summary_large_image","twitter_misc":{"Est. reading time":"1 minute"},"schema":{"@context":"https:\/\/schema.org","@graph":[{"@type":"WebPage","@id":"https:\/\/portfolio.zenkoders.com\/meat-selling\/shop\/bio-lamm\/lamm-gigot\/","url":"https:\/\/portfolio.zenkoders.com\/meat-selling\/shop\/bio-lamm\/lamm-gigot\/","name":"Bio Lamm Gigot Schweiz kaufen | 2 Wochen gereift","isPartOf":{"@id":"https:\/\/portfolio.zenkoders.com\/meat-selling\/#website"},"primaryImageOfPage":{"@id":"https:\/\/portfolio.zenkoders.com\/meat-selling\/shop\/bio-lamm\/lamm-gigot\/#primaryimage"},"image":{"@id":"https:\/\/portfolio.zenkoders.com\/meat-selling\/shop\/bio-lamm\/lamm-gigot\/#primaryimage"},"thumbnailUrl":"https:\/\/portfolio.zenkoders.com\/meat-selling\/wp-content\/uploads\/2026\/01\/90-scaled.webp","datePublished":"2026-01-23T10:56:31+00:00","dateModified":"2026-03-02T09:36:34+00:00","description":"Bio Lammgigot aus Schweizer Aufzucht kaufen. 2 Wochen gereift, saftig und aromatisch \u2013 ideal f\u00fcr festliche Mahlzeiten. Tiefgek\u00fchlt mit Trockeneis geliefert.","breadcrumb":{"@id":"https:\/\/portfolio.zenkoders.com\/meat-selling\/shop\/bio-lamm\/lamm-gigot\/#breadcrumb"},"inLanguage":"en-US","potentialAction":[{"@type":"ReadAction","target":["https:\/\/portfolio.zenkoders.com\/meat-selling\/shop\/bio-lamm\/lamm-gigot\/"]}]},{"@type":"ImageObject","inLanguage":"en-US","@id":"https:\/\/portfolio.zenkoders.com\/meat-selling\/shop\/bio-lamm\/lamm-gigot\/#primaryimage","url":"https:\/\/portfolio.zenkoders.com\/meat-selling\/wp-content\/uploads\/2026\/01\/90-scaled.webp","contentUrl":"https:\/\/portfolio.zenkoders.com\/meat-selling\/wp-content\/uploads\/2026\/01\/90-scaled.webp","width":2560,"height":1707,"caption":"Gigot Lamm Schweiz Bio kaufen"},{"@type":"BreadcrumbList","@id":"https:\/\/portfolio.zenkoders.com\/meat-selling\/shop\/bio-lamm\/lamm-gigot\/#breadcrumb","itemListElement":[{"@type":"ListItem","position":1,"name":"Home","item":"https:\/\/portfolio.zenkoders.com\/meat-selling\/"},{"@type":"ListItem","position":2,"name":"Shop","item":"https:\/\/portfolio.zenkoders.com\/meat-selling\/shop\/"},{"@type":"ListItem","position":3,"name":"Lamm Gigot"}]},{"@type":"WebSite","@id":"https:\/\/portfolio.zenkoders.com\/meat-selling\/#website","url":"https:\/\/portfolio.zenkoders.com\/meat-selling\/","name":"Meat Selling","description":"","potentialAction":[{"@type":"SearchAction","target":{"@type":"EntryPoint","urlTemplate":"https:\/\/portfolio.zenkoders.com\/meat-selling\/?s={search_term_string}"},"query-input":{"@type":"PropertyValueSpecification","valueRequired":true,"valueName":"search_term_string"}}],"inLanguage":"en-US"}]}},"_links":{"self":[{"href":"https:\/\/portfolio.zenkoders.com\/meat-selling\/wp-json\/wp\/v2\/product\/530","targetHints":{"allow":["GET"]}}],"collection":[{"href":"https:\/\/portfolio.zenkoders.com\/meat-selling\/wp-json\/wp\/v2\/product"}],"about":[{"href":"https:\/\/portfolio.zenkoders.com\/meat-selling\/wp-json\/wp\/v2\/types\/product"}],"replies":[{"embeddable":true,"href":"https:\/\/portfolio.zenkoders.com\/meat-selling\/wp-json\/wp\/v2\/comments?post=530"}],"wp:featuredmedia":[{"embeddable":true,"href":"https:\/\/portfolio.zenkoders.com\/meat-selling\/wp-json\/wp\/v2\/media\/782"}],"wp:attachment":[{"href":"https:\/\/portfolio.zenkoders.com\/meat-selling\/wp-json\/wp\/v2\/media?parent=530"}],"wp:term":[{"taxonomy":"product_brand","embeddable":true,"href":"https:\/\/portfolio.zenkoders.com\/meat-selling\/wp-json\/wp\/v2\/product_brand?post=530"},{"taxonomy":"product_cat","embeddable":true,"href":"https:\/\/portfolio.zenkoders.com\/meat-selling\/wp-json\/wp\/v2\/product_cat?post=530"},{"taxonomy":"product_tag","embeddable":true,"href":"https:\/\/portfolio.zenkoders.com\/meat-selling\/wp-json\/wp\/v2\/product_tag?post=530"}],"curies":[{"name":"wp","href":"https:\/\/api.w.org\/{rel}","templated":true}]}}