{"id":531,"date":"2026-01-23T10:57:15","date_gmt":"2026-01-23T10:57:15","guid":{"rendered":"https:\/\/portfolio.zenkoders.com\/meat-selling\/?post_type=product&#038;p=531"},"modified":"2026-03-02T09:37:31","modified_gmt":"2026-03-02T09:37:31","slug":"rehrucken","status":"publish","type":"product","link":"https:\/\/portfolio.zenkoders.com\/meat-selling\/shop\/wild-aus-schweizer-jagd\/rehrucken\/","title":{"rendered":"Rehr\u00fccken"},"content":{"rendered":"<p>Der Rehr\u00fccken ist das wohl feinste St\u00fcck aus der Wildk\u00fcche: mager, aromatisch, mit feiner Wildnote. Bei uns wird er mit Knochen gereift, was zus\u00e4tzliche Tiefe im Geschmack erzeugt. Perfekt f\u00fcr Herbst- und Wintergerichte \u2013 z.\u202fB. mit Preiselbeeren, K\u00fcrbis oder Selleriep\u00fcree. Ein Wildst\u00fcck f\u00fcr besondere Momente.<\/p>\n<p><strong><b>Zubereitung<\/b><\/strong><br \/>\nIm Ganzen im Ofen braten oder in Medaillons geschnitten in der Pfanne garen.<\/p>\n<p><strong><b>Herkunft &amp; Besonderheiten<\/b><\/strong><br \/>\nSchweizer Wild, aus nachhaltiger Jagd. 7 Tage gereift, k\u00fcchenfertig vorbereitet.<\/p>\n<p><strong><b>Portionshinweis<\/b><\/strong><br \/>\n1\u202fkg (mit Knochen) reicht f\u00fcr 3\u20134 Personen.<\/p>\n","protected":false},"excerpt":{"rendered":"<p>Feines Wildst\u00fcck mit Eleganz \u2013 der Rehr\u00fccken steht f\u00fcr edlen Genuss.<\/p>\n","protected":false},"featured_media":1022,"comment_status":"open","ping_status":"closed","template":"","meta":[],"product_brand":[],"product_cat":[32],"product_tag":[54],"class_list":{"0":"post-531","1":"product","2":"type-product","3":"status-publish","4":"has-post-thumbnail","6":"product_cat-wild-aus-schweizer-jagd","7":"product_tag-schweiz","9":"first","10":"instock","11":"shipping-taxable","12":"purchasable","13":"product-type-variable"},"yoast_head":"<!-- This site is optimized with the Yoast SEO plugin v27.4 - https:\/\/yoast.com\/product\/yoast-seo-wordpress\/ -->\n<title>Rehr\u00fccken Schweizer Jagd kaufen | 1 Woche gereift<\/title>\n<meta name=\"description\" content=\"Rehr\u00fccken aus Schweizer Jagd online kaufen. 1 Woche gereift, zart und naturbelassen. Saisonal verf\u00fcgbar, direkt tiefgek\u00fchlt zu Ihnen geliefert.\" \/>\n<meta name=\"robots\" content=\"index, follow, max-snippet:-1, max-image-preview:large, max-video-preview:-1\" \/>\n<link rel=\"canonical\" href=\"https:\/\/portfolio.zenkoders.com\/meat-selling\/shop\/wild-aus-schweizer-jagd\/rehrucken\/\" \/>\n<meta property=\"og:locale\" content=\"en_US\" \/>\n<meta property=\"og:type\" content=\"article\" \/>\n<meta property=\"og:title\" content=\"Rehr\u00fccken Schweizer Jagd kaufen | 1 Woche gereift\" \/>\n<meta property=\"og:description\" content=\"Rehr\u00fccken aus Schweizer Jagd online kaufen. 1 Woche gereift, zart und naturbelassen. Saisonal verf\u00fcgbar, direkt tiefgek\u00fchlt zu Ihnen geliefert.\" \/>\n<meta property=\"og:url\" content=\"https:\/\/portfolio.zenkoders.com\/meat-selling\/shop\/wild-aus-schweizer-jagd\/rehrucken\/\" \/>\n<meta property=\"og:site_name\" content=\"Meat Selling\" \/>\n<meta property=\"article:modified_time\" content=\"2026-03-02T09:37:31+00:00\" \/>\n<meta property=\"og:image\" content=\"https:\/\/portfolio.zenkoders.com\/meat-selling\/wp-content\/uploads\/2026\/01\/94-scaled.webp\" \/>\n\t<meta property=\"og:image:width\" content=\"2560\" \/>\n\t<meta property=\"og:image:height\" content=\"1707\" \/>\n\t<meta property=\"og:image:type\" content=\"image\/webp\" \/>\n<meta name=\"twitter:card\" content=\"summary_large_image\" \/>\n<meta name=\"twitter:label1\" content=\"Est. reading time\" \/>\n\t<meta name=\"twitter:data1\" content=\"1 minute\" \/>\n<script type=\"application\/ld+json\" class=\"yoast-schema-graph\">{\"@context\":\"https:\\\/\\\/schema.org\",\"@graph\":[{\"@type\":\"WebPage\",\"@id\":\"https:\\\/\\\/portfolio.zenkoders.com\\\/meat-selling\\\/shop\\\/wild-aus-schweizer-jagd\\\/rehrucken\\\/\",\"url\":\"https:\\\/\\\/portfolio.zenkoders.com\\\/meat-selling\\\/shop\\\/wild-aus-schweizer-jagd\\\/rehrucken\\\/\",\"name\":\"Rehr\u00fccken Schweizer Jagd kaufen | 1 Woche gereift\",\"isPartOf\":{\"@id\":\"https:\\\/\\\/portfolio.zenkoders.com\\\/meat-selling\\\/#website\"},\"primaryImageOfPage\":{\"@id\":\"https:\\\/\\\/portfolio.zenkoders.com\\\/meat-selling\\\/shop\\\/wild-aus-schweizer-jagd\\\/rehrucken\\\/#primaryimage\"},\"image\":{\"@id\":\"https:\\\/\\\/portfolio.zenkoders.com\\\/meat-selling\\\/shop\\\/wild-aus-schweizer-jagd\\\/rehrucken\\\/#primaryimage\"},\"thumbnailUrl\":\"https:\\\/\\\/portfolio.zenkoders.com\\\/meat-selling\\\/wp-content\\\/uploads\\\/2026\\\/01\\\/94-scaled.webp\",\"datePublished\":\"2026-01-23T10:57:15+00:00\",\"dateModified\":\"2026-03-02T09:37:31+00:00\",\"description\":\"Rehr\u00fccken aus Schweizer Jagd online kaufen. 1 Woche gereift, zart und naturbelassen. Saisonal verf\u00fcgbar, direkt tiefgek\u00fchlt zu Ihnen geliefert.\",\"breadcrumb\":{\"@id\":\"https:\\\/\\\/portfolio.zenkoders.com\\\/meat-selling\\\/shop\\\/wild-aus-schweizer-jagd\\\/rehrucken\\\/#breadcrumb\"},\"inLanguage\":\"en-US\",\"potentialAction\":[{\"@type\":\"ReadAction\",\"target\":[\"https:\\\/\\\/portfolio.zenkoders.com\\\/meat-selling\\\/shop\\\/wild-aus-schweizer-jagd\\\/rehrucken\\\/\"]}]},{\"@type\":\"ImageObject\",\"inLanguage\":\"en-US\",\"@id\":\"https:\\\/\\\/portfolio.zenkoders.com\\\/meat-selling\\\/shop\\\/wild-aus-schweizer-jagd\\\/rehrucken\\\/#primaryimage\",\"url\":\"https:\\\/\\\/portfolio.zenkoders.com\\\/meat-selling\\\/wp-content\\\/uploads\\\/2026\\\/01\\\/94-scaled.webp\",\"contentUrl\":\"https:\\\/\\\/portfolio.zenkoders.com\\\/meat-selling\\\/wp-content\\\/uploads\\\/2026\\\/01\\\/94-scaled.webp\",\"width\":2560,\"height\":1707,\"caption\":\"Rehr\u00fccken Wild Schweiz kaufen\"},{\"@type\":\"BreadcrumbList\",\"@id\":\"https:\\\/\\\/portfolio.zenkoders.com\\\/meat-selling\\\/shop\\\/wild-aus-schweizer-jagd\\\/rehrucken\\\/#breadcrumb\",\"itemListElement\":[{\"@type\":\"ListItem\",\"position\":1,\"name\":\"Home\",\"item\":\"https:\\\/\\\/portfolio.zenkoders.com\\\/meat-selling\\\/\"},{\"@type\":\"ListItem\",\"position\":2,\"name\":\"Shop\",\"item\":\"https:\\\/\\\/portfolio.zenkoders.com\\\/meat-selling\\\/shop\\\/\"},{\"@type\":\"ListItem\",\"position\":3,\"name\":\"Rehr\u00fccken\"}]},{\"@type\":\"WebSite\",\"@id\":\"https:\\\/\\\/portfolio.zenkoders.com\\\/meat-selling\\\/#website\",\"url\":\"https:\\\/\\\/portfolio.zenkoders.com\\\/meat-selling\\\/\",\"name\":\"Meat Selling\",\"description\":\"\",\"potentialAction\":[{\"@type\":\"SearchAction\",\"target\":{\"@type\":\"EntryPoint\",\"urlTemplate\":\"https:\\\/\\\/portfolio.zenkoders.com\\\/meat-selling\\\/?s={search_term_string}\"},\"query-input\":{\"@type\":\"PropertyValueSpecification\",\"valueRequired\":true,\"valueName\":\"search_term_string\"}}],\"inLanguage\":\"en-US\"}]}<\/script>\n<!-- \/ Yoast SEO plugin. -->","yoast_head_json":{"title":"Rehr\u00fccken Schweizer Jagd kaufen | 1 Woche gereift","description":"Rehr\u00fccken aus Schweizer Jagd online kaufen. 1 Woche gereift, zart und naturbelassen. Saisonal verf\u00fcgbar, direkt tiefgek\u00fchlt zu Ihnen geliefert.","robots":{"index":"index","follow":"follow","max-snippet":"max-snippet:-1","max-image-preview":"max-image-preview:large","max-video-preview":"max-video-preview:-1"},"canonical":"https:\/\/portfolio.zenkoders.com\/meat-selling\/shop\/wild-aus-schweizer-jagd\/rehrucken\/","og_locale":"en_US","og_type":"article","og_title":"Rehr\u00fccken Schweizer Jagd kaufen | 1 Woche gereift","og_description":"Rehr\u00fccken aus Schweizer Jagd online kaufen. 1 Woche gereift, zart und naturbelassen. Saisonal verf\u00fcgbar, direkt tiefgek\u00fchlt zu Ihnen geliefert.","og_url":"https:\/\/portfolio.zenkoders.com\/meat-selling\/shop\/wild-aus-schweizer-jagd\/rehrucken\/","og_site_name":"Meat Selling","article_modified_time":"2026-03-02T09:37:31+00:00","og_image":[{"width":2560,"height":1707,"url":"https:\/\/portfolio.zenkoders.com\/meat-selling\/wp-content\/uploads\/2026\/01\/94-scaled.webp","type":"image\/webp"}],"twitter_card":"summary_large_image","twitter_misc":{"Est. reading time":"1 minute"},"schema":{"@context":"https:\/\/schema.org","@graph":[{"@type":"WebPage","@id":"https:\/\/portfolio.zenkoders.com\/meat-selling\/shop\/wild-aus-schweizer-jagd\/rehrucken\/","url":"https:\/\/portfolio.zenkoders.com\/meat-selling\/shop\/wild-aus-schweizer-jagd\/rehrucken\/","name":"Rehr\u00fccken Schweizer Jagd kaufen | 1 Woche gereift","isPartOf":{"@id":"https:\/\/portfolio.zenkoders.com\/meat-selling\/#website"},"primaryImageOfPage":{"@id":"https:\/\/portfolio.zenkoders.com\/meat-selling\/shop\/wild-aus-schweizer-jagd\/rehrucken\/#primaryimage"},"image":{"@id":"https:\/\/portfolio.zenkoders.com\/meat-selling\/shop\/wild-aus-schweizer-jagd\/rehrucken\/#primaryimage"},"thumbnailUrl":"https:\/\/portfolio.zenkoders.com\/meat-selling\/wp-content\/uploads\/2026\/01\/94-scaled.webp","datePublished":"2026-01-23T10:57:15+00:00","dateModified":"2026-03-02T09:37:31+00:00","description":"Rehr\u00fccken aus Schweizer Jagd online kaufen. 1 Woche gereift, zart und naturbelassen. Saisonal verf\u00fcgbar, direkt tiefgek\u00fchlt zu Ihnen geliefert.","breadcrumb":{"@id":"https:\/\/portfolio.zenkoders.com\/meat-selling\/shop\/wild-aus-schweizer-jagd\/rehrucken\/#breadcrumb"},"inLanguage":"en-US","potentialAction":[{"@type":"ReadAction","target":["https:\/\/portfolio.zenkoders.com\/meat-selling\/shop\/wild-aus-schweizer-jagd\/rehrucken\/"]}]},{"@type":"ImageObject","inLanguage":"en-US","@id":"https:\/\/portfolio.zenkoders.com\/meat-selling\/shop\/wild-aus-schweizer-jagd\/rehrucken\/#primaryimage","url":"https:\/\/portfolio.zenkoders.com\/meat-selling\/wp-content\/uploads\/2026\/01\/94-scaled.webp","contentUrl":"https:\/\/portfolio.zenkoders.com\/meat-selling\/wp-content\/uploads\/2026\/01\/94-scaled.webp","width":2560,"height":1707,"caption":"Rehr\u00fccken Wild Schweiz kaufen"},{"@type":"BreadcrumbList","@id":"https:\/\/portfolio.zenkoders.com\/meat-selling\/shop\/wild-aus-schweizer-jagd\/rehrucken\/#breadcrumb","itemListElement":[{"@type":"ListItem","position":1,"name":"Home","item":"https:\/\/portfolio.zenkoders.com\/meat-selling\/"},{"@type":"ListItem","position":2,"name":"Shop","item":"https:\/\/portfolio.zenkoders.com\/meat-selling\/shop\/"},{"@type":"ListItem","position":3,"name":"Rehr\u00fccken"}]},{"@type":"WebSite","@id":"https:\/\/portfolio.zenkoders.com\/meat-selling\/#website","url":"https:\/\/portfolio.zenkoders.com\/meat-selling\/","name":"Meat Selling","description":"","potentialAction":[{"@type":"SearchAction","target":{"@type":"EntryPoint","urlTemplate":"https:\/\/portfolio.zenkoders.com\/meat-selling\/?s={search_term_string}"},"query-input":{"@type":"PropertyValueSpecification","valueRequired":true,"valueName":"search_term_string"}}],"inLanguage":"en-US"}]}},"_links":{"self":[{"href":"https:\/\/portfolio.zenkoders.com\/meat-selling\/wp-json\/wp\/v2\/product\/531","targetHints":{"allow":["GET"]}}],"collection":[{"href":"https:\/\/portfolio.zenkoders.com\/meat-selling\/wp-json\/wp\/v2\/product"}],"about":[{"href":"https:\/\/portfolio.zenkoders.com\/meat-selling\/wp-json\/wp\/v2\/types\/product"}],"replies":[{"embeddable":true,"href":"https:\/\/portfolio.zenkoders.com\/meat-selling\/wp-json\/wp\/v2\/comments?post=531"}],"wp:featuredmedia":[{"embeddable":true,"href":"https:\/\/portfolio.zenkoders.com\/meat-selling\/wp-json\/wp\/v2\/media\/1022"}],"wp:attachment":[{"href":"https:\/\/portfolio.zenkoders.com\/meat-selling\/wp-json\/wp\/v2\/media?parent=531"}],"wp:term":[{"taxonomy":"product_brand","embeddable":true,"href":"https:\/\/portfolio.zenkoders.com\/meat-selling\/wp-json\/wp\/v2\/product_brand?post=531"},{"taxonomy":"product_cat","embeddable":true,"href":"https:\/\/portfolio.zenkoders.com\/meat-selling\/wp-json\/wp\/v2\/product_cat?post=531"},{"taxonomy":"product_tag","embeddable":true,"href":"https:\/\/portfolio.zenkoders.com\/meat-selling\/wp-json\/wp\/v2\/product_tag?post=531"}],"curies":[{"name":"wp","href":"https:\/\/api.w.org\/{rel}","templated":true}]}}