{"id":536,"date":"2026-01-23T11:08:12","date_gmt":"2026-01-23T11:08:12","guid":{"rendered":"https:\/\/portfolio.zenkoders.com\/meat-selling\/?post_type=product&#038;p=536"},"modified":"2026-03-02T09:38:34","modified_gmt":"2026-03-02T09:38:34","slug":"pouletflugeli","status":"publish","type":"product","link":"https:\/\/portfolio.zenkoders.com\/meat-selling\/shop\/bio-geflugel\/pouletflugeli\/","title":{"rendered":"Pouletfl\u00fcgeli"},"content":{"rendered":"<p>Unsere Fl\u00fcgeli stammen von Freilandpoulets und sind ideal f\u00fcr Fingerfood, Ap\u00e9ro oder Grillbuffet. Die Haut wird kross, das Fleisch bleibt saftig. Mit Marinade oder pur mit Salz und Pfeffer \u2013 diese Fl\u00fcgel \u00fcberzeugen mit ehrlichem, nat\u00fcrlichem Geschmack.<\/p>\n<p><strong><b>Zubereitung<\/b><\/strong><br \/>\nGrill, Pfanne oder Ofen \u2013 je nach Vorliebe.<\/p>\n<p><strong><b>Herkunft &amp; Besonderheiten<\/b><\/strong><br \/>\nBio-zertifiziert, Schweizer Herkunft, keine Wasserinjektion.<\/p>\n<p><strong><b>Portionshinweis<\/b><\/strong><br \/>\n4 St\u00fcck \u2013 ideal f\u00fcr 1\u20132 Personen als Snack oder Vorspeise.<\/p>\n","protected":false},"excerpt":{"rendered":"<p>Klein, aber voller Geschmack \u2013 knusprige Fl\u00fcgeli vom Schweizer Bio-Poulet.<\/p>\n","protected":false},"featured_media":773,"comment_status":"open","ping_status":"closed","template":"","meta":[],"product_brand":[],"product_cat":[26],"product_tag":[57,54],"class_list":{"0":"post-536","1":"product","2":"type-product","3":"status-publish","4":"has-post-thumbnail","6":"product_cat-bio-geflugel","7":"product_tag-bio","8":"product_tag-schweiz","10":"first","11":"instock","12":"shipping-taxable","13":"purchasable","14":"product-type-variable"},"yoast_head":"<!-- This site is optimized with the Yoast SEO plugin v27.4 - https:\/\/yoast.com\/product\/yoast-seo-wordpress\/ -->\n<title>Pouletfl\u00fcgeli Bio Freiland Schweiz kaufen<\/title>\n<meta name=\"description\" content=\"Pouletfl\u00fcgeli aus Schweizer Bio-Freilandhaltung kaufen. Knusprig, saftig und aromatisch \u2013 ideal zum Grillieren. Direkt tiefgek\u00fchlt zu Ihnen geliefert.\" \/>\n<meta name=\"robots\" content=\"index, follow, max-snippet:-1, max-image-preview:large, max-video-preview:-1\" \/>\n<link rel=\"canonical\" href=\"https:\/\/portfolio.zenkoders.com\/meat-selling\/shop\/bio-geflugel\/pouletflugeli\/\" \/>\n<meta property=\"og:locale\" content=\"en_US\" \/>\n<meta property=\"og:type\" content=\"article\" \/>\n<meta property=\"og:title\" content=\"Pouletfl\u00fcgeli Bio Freiland Schweiz kaufen\" \/>\n<meta property=\"og:description\" content=\"Pouletfl\u00fcgeli aus Schweizer Bio-Freilandhaltung kaufen. Knusprig, saftig und aromatisch \u2013 ideal zum Grillieren. Direkt tiefgek\u00fchlt zu Ihnen geliefert.\" \/>\n<meta property=\"og:url\" content=\"https:\/\/portfolio.zenkoders.com\/meat-selling\/shop\/bio-geflugel\/pouletflugeli\/\" \/>\n<meta property=\"og:site_name\" content=\"Meat Selling\" \/>\n<meta property=\"article:modified_time\" content=\"2026-03-02T09:38:34+00:00\" \/>\n<meta property=\"og:image\" content=\"https:\/\/portfolio.zenkoders.com\/meat-selling\/wp-content\/uploads\/2026\/01\/15-scaled.webp\" \/>\n\t<meta property=\"og:image:width\" content=\"2560\" \/>\n\t<meta property=\"og:image:height\" content=\"1707\" \/>\n\t<meta property=\"og:image:type\" content=\"image\/webp\" \/>\n<meta name=\"twitter:card\" content=\"summary_large_image\" \/>\n<meta name=\"twitter:label1\" content=\"Est. reading time\" \/>\n\t<meta name=\"twitter:data1\" content=\"1 minute\" \/>\n<script type=\"application\/ld+json\" class=\"yoast-schema-graph\">{\"@context\":\"https:\\\/\\\/schema.org\",\"@graph\":[{\"@type\":\"WebPage\",\"@id\":\"https:\\\/\\\/portfolio.zenkoders.com\\\/meat-selling\\\/shop\\\/bio-geflugel\\\/pouletflugeli\\\/\",\"url\":\"https:\\\/\\\/portfolio.zenkoders.com\\\/meat-selling\\\/shop\\\/bio-geflugel\\\/pouletflugeli\\\/\",\"name\":\"Pouletfl\u00fcgeli Bio Freiland Schweiz kaufen\",\"isPartOf\":{\"@id\":\"https:\\\/\\\/portfolio.zenkoders.com\\\/meat-selling\\\/#website\"},\"primaryImageOfPage\":{\"@id\":\"https:\\\/\\\/portfolio.zenkoders.com\\\/meat-selling\\\/shop\\\/bio-geflugel\\\/pouletflugeli\\\/#primaryimage\"},\"image\":{\"@id\":\"https:\\\/\\\/portfolio.zenkoders.com\\\/meat-selling\\\/shop\\\/bio-geflugel\\\/pouletflugeli\\\/#primaryimage\"},\"thumbnailUrl\":\"https:\\\/\\\/portfolio.zenkoders.com\\\/meat-selling\\\/wp-content\\\/uploads\\\/2026\\\/01\\\/15-scaled.webp\",\"datePublished\":\"2026-01-23T11:08:12+00:00\",\"dateModified\":\"2026-03-02T09:38:34+00:00\",\"description\":\"Pouletfl\u00fcgeli aus Schweizer Bio-Freilandhaltung kaufen. Knusprig, saftig und aromatisch \u2013 ideal zum Grillieren. Direkt tiefgek\u00fchlt zu Ihnen geliefert.\",\"breadcrumb\":{\"@id\":\"https:\\\/\\\/portfolio.zenkoders.com\\\/meat-selling\\\/shop\\\/bio-geflugel\\\/pouletflugeli\\\/#breadcrumb\"},\"inLanguage\":\"en-US\",\"potentialAction\":[{\"@type\":\"ReadAction\",\"target\":[\"https:\\\/\\\/portfolio.zenkoders.com\\\/meat-selling\\\/shop\\\/bio-geflugel\\\/pouletflugeli\\\/\"]}]},{\"@type\":\"ImageObject\",\"inLanguage\":\"en-US\",\"@id\":\"https:\\\/\\\/portfolio.zenkoders.com\\\/meat-selling\\\/shop\\\/bio-geflugel\\\/pouletflugeli\\\/#primaryimage\",\"url\":\"https:\\\/\\\/portfolio.zenkoders.com\\\/meat-selling\\\/wp-content\\\/uploads\\\/2026\\\/01\\\/15-scaled.webp\",\"contentUrl\":\"https:\\\/\\\/portfolio.zenkoders.com\\\/meat-selling\\\/wp-content\\\/uploads\\\/2026\\\/01\\\/15-scaled.webp\",\"width\":2560,\"height\":1707,\"caption\":\"Pouletfl\u00fcgeli Gefl\u00fcgel Schweiz Bio Freiland kaufen\"},{\"@type\":\"BreadcrumbList\",\"@id\":\"https:\\\/\\\/portfolio.zenkoders.com\\\/meat-selling\\\/shop\\\/bio-geflugel\\\/pouletflugeli\\\/#breadcrumb\",\"itemListElement\":[{\"@type\":\"ListItem\",\"position\":1,\"name\":\"Home\",\"item\":\"https:\\\/\\\/portfolio.zenkoders.com\\\/meat-selling\\\/\"},{\"@type\":\"ListItem\",\"position\":2,\"name\":\"Shop\",\"item\":\"https:\\\/\\\/portfolio.zenkoders.com\\\/meat-selling\\\/shop\\\/\"},{\"@type\":\"ListItem\",\"position\":3,\"name\":\"Pouletfl\u00fcgeli\"}]},{\"@type\":\"WebSite\",\"@id\":\"https:\\\/\\\/portfolio.zenkoders.com\\\/meat-selling\\\/#website\",\"url\":\"https:\\\/\\\/portfolio.zenkoders.com\\\/meat-selling\\\/\",\"name\":\"Meat Selling\",\"description\":\"\",\"potentialAction\":[{\"@type\":\"SearchAction\",\"target\":{\"@type\":\"EntryPoint\",\"urlTemplate\":\"https:\\\/\\\/portfolio.zenkoders.com\\\/meat-selling\\\/?s={search_term_string}\"},\"query-input\":{\"@type\":\"PropertyValueSpecification\",\"valueRequired\":true,\"valueName\":\"search_term_string\"}}],\"inLanguage\":\"en-US\"}]}<\/script>\n<!-- \/ Yoast SEO plugin. -->","yoast_head_json":{"title":"Pouletfl\u00fcgeli Bio Freiland Schweiz kaufen","description":"Pouletfl\u00fcgeli aus Schweizer Bio-Freilandhaltung kaufen. Knusprig, saftig und aromatisch \u2013 ideal zum Grillieren. Direkt tiefgek\u00fchlt zu Ihnen geliefert.","robots":{"index":"index","follow":"follow","max-snippet":"max-snippet:-1","max-image-preview":"max-image-preview:large","max-video-preview":"max-video-preview:-1"},"canonical":"https:\/\/portfolio.zenkoders.com\/meat-selling\/shop\/bio-geflugel\/pouletflugeli\/","og_locale":"en_US","og_type":"article","og_title":"Pouletfl\u00fcgeli Bio Freiland Schweiz kaufen","og_description":"Pouletfl\u00fcgeli aus Schweizer Bio-Freilandhaltung kaufen. Knusprig, saftig und aromatisch \u2013 ideal zum Grillieren. Direkt tiefgek\u00fchlt zu Ihnen geliefert.","og_url":"https:\/\/portfolio.zenkoders.com\/meat-selling\/shop\/bio-geflugel\/pouletflugeli\/","og_site_name":"Meat Selling","article_modified_time":"2026-03-02T09:38:34+00:00","og_image":[{"width":2560,"height":1707,"url":"https:\/\/portfolio.zenkoders.com\/meat-selling\/wp-content\/uploads\/2026\/01\/15-scaled.webp","type":"image\/webp"}],"twitter_card":"summary_large_image","twitter_misc":{"Est. reading time":"1 minute"},"schema":{"@context":"https:\/\/schema.org","@graph":[{"@type":"WebPage","@id":"https:\/\/portfolio.zenkoders.com\/meat-selling\/shop\/bio-geflugel\/pouletflugeli\/","url":"https:\/\/portfolio.zenkoders.com\/meat-selling\/shop\/bio-geflugel\/pouletflugeli\/","name":"Pouletfl\u00fcgeli Bio Freiland Schweiz kaufen","isPartOf":{"@id":"https:\/\/portfolio.zenkoders.com\/meat-selling\/#website"},"primaryImageOfPage":{"@id":"https:\/\/portfolio.zenkoders.com\/meat-selling\/shop\/bio-geflugel\/pouletflugeli\/#primaryimage"},"image":{"@id":"https:\/\/portfolio.zenkoders.com\/meat-selling\/shop\/bio-geflugel\/pouletflugeli\/#primaryimage"},"thumbnailUrl":"https:\/\/portfolio.zenkoders.com\/meat-selling\/wp-content\/uploads\/2026\/01\/15-scaled.webp","datePublished":"2026-01-23T11:08:12+00:00","dateModified":"2026-03-02T09:38:34+00:00","description":"Pouletfl\u00fcgeli aus Schweizer Bio-Freilandhaltung kaufen. Knusprig, saftig und aromatisch \u2013 ideal zum Grillieren. Direkt tiefgek\u00fchlt zu Ihnen geliefert.","breadcrumb":{"@id":"https:\/\/portfolio.zenkoders.com\/meat-selling\/shop\/bio-geflugel\/pouletflugeli\/#breadcrumb"},"inLanguage":"en-US","potentialAction":[{"@type":"ReadAction","target":["https:\/\/portfolio.zenkoders.com\/meat-selling\/shop\/bio-geflugel\/pouletflugeli\/"]}]},{"@type":"ImageObject","inLanguage":"en-US","@id":"https:\/\/portfolio.zenkoders.com\/meat-selling\/shop\/bio-geflugel\/pouletflugeli\/#primaryimage","url":"https:\/\/portfolio.zenkoders.com\/meat-selling\/wp-content\/uploads\/2026\/01\/15-scaled.webp","contentUrl":"https:\/\/portfolio.zenkoders.com\/meat-selling\/wp-content\/uploads\/2026\/01\/15-scaled.webp","width":2560,"height":1707,"caption":"Pouletfl\u00fcgeli Gefl\u00fcgel Schweiz Bio Freiland kaufen"},{"@type":"BreadcrumbList","@id":"https:\/\/portfolio.zenkoders.com\/meat-selling\/shop\/bio-geflugel\/pouletflugeli\/#breadcrumb","itemListElement":[{"@type":"ListItem","position":1,"name":"Home","item":"https:\/\/portfolio.zenkoders.com\/meat-selling\/"},{"@type":"ListItem","position":2,"name":"Shop","item":"https:\/\/portfolio.zenkoders.com\/meat-selling\/shop\/"},{"@type":"ListItem","position":3,"name":"Pouletfl\u00fcgeli"}]},{"@type":"WebSite","@id":"https:\/\/portfolio.zenkoders.com\/meat-selling\/#website","url":"https:\/\/portfolio.zenkoders.com\/meat-selling\/","name":"Meat Selling","description":"","potentialAction":[{"@type":"SearchAction","target":{"@type":"EntryPoint","urlTemplate":"https:\/\/portfolio.zenkoders.com\/meat-selling\/?s={search_term_string}"},"query-input":{"@type":"PropertyValueSpecification","valueRequired":true,"valueName":"search_term_string"}}],"inLanguage":"en-US"}]}},"_links":{"self":[{"href":"https:\/\/portfolio.zenkoders.com\/meat-selling\/wp-json\/wp\/v2\/product\/536","targetHints":{"allow":["GET"]}}],"collection":[{"href":"https:\/\/portfolio.zenkoders.com\/meat-selling\/wp-json\/wp\/v2\/product"}],"about":[{"href":"https:\/\/portfolio.zenkoders.com\/meat-selling\/wp-json\/wp\/v2\/types\/product"}],"replies":[{"embeddable":true,"href":"https:\/\/portfolio.zenkoders.com\/meat-selling\/wp-json\/wp\/v2\/comments?post=536"}],"wp:featuredmedia":[{"embeddable":true,"href":"https:\/\/portfolio.zenkoders.com\/meat-selling\/wp-json\/wp\/v2\/media\/773"}],"wp:attachment":[{"href":"https:\/\/portfolio.zenkoders.com\/meat-selling\/wp-json\/wp\/v2\/media?parent=536"}],"wp:term":[{"taxonomy":"product_brand","embeddable":true,"href":"https:\/\/portfolio.zenkoders.com\/meat-selling\/wp-json\/wp\/v2\/product_brand?post=536"},{"taxonomy":"product_cat","embeddable":true,"href":"https:\/\/portfolio.zenkoders.com\/meat-selling\/wp-json\/wp\/v2\/product_cat?post=536"},{"taxonomy":"product_tag","embeddable":true,"href":"https:\/\/portfolio.zenkoders.com\/meat-selling\/wp-json\/wp\/v2\/product_tag?post=536"}],"curies":[{"name":"wp","href":"https:\/\/api.w.org\/{rel}","templated":true}]}}